{"id":4821,"date":"2024-07-11T11:51:36","date_gmt":"2024-07-11T09:51:36","guid":{"rendered":"https:\/\/dandi-italia.com\/cisto-energijo\/"},"modified":"2025-04-11T10:31:46","modified_gmt":"2025-04-11T08:31:46","slug":"cisto-energijo","status":"publish","type":"page","link":"https:\/\/dandi-italia.com\/sl\/cisto-energijo\/","title":{"rendered":"\u010disto energijo"},"content":{"rendered":"\t\t<div data-elementor-type=\"wp-page\" data-elementor-id=\"4821\" class=\"elementor elementor-4821 elementor-4797\" data-elementor-post-type=\"page\">\n\t\t\t\t\t\t<section class=\"elementor-section elementor-top-section elementor-element elementor-element-5774783 elementor-section-full_width elementor-section-height-min-height elementor-section-stretched elementor-section-height-default elementor-section-items-middle\" data-id=\"5774783\" data-element_type=\"section\" data-e-type=\"section\" data-settings=\"{&quot;background_background&quot;:&quot;slideshow&quot;,&quot;stretch_section&quot;:&quot;section-stretched&quot;,&quot;background_slideshow_gallery&quot;:[{&quot;id&quot;:333,&quot;url&quot;:&quot;https:\\\/\\\/dandi-italia.com\\\/wp-content\\\/uploads\\\/2020\\\/03\\\/0293_19_V02_SET_07_ZEN-1.jpg&quot;},{&quot;id&quot;:334,&quot;url&quot;:&quot;https:\\\/\\\/dandi-italia.com\\\/wp-content\\\/uploads\\\/2020\\\/03\\\/0365_19_V01_SET_11_SISTEMA-1.jpg&quot;}],&quot;background_slideshow_transition_duration&quot;:1500,&quot;background_slideshow_ken_burns&quot;:&quot;yes&quot;,&quot;background_slideshow_loop&quot;:&quot;yes&quot;,&quot;background_slideshow_slide_duration&quot;:5000,&quot;background_slideshow_slide_transition&quot;:&quot;fade&quot;,&quot;background_slideshow_ken_burns_zoom_direction&quot;:&quot;in&quot;}\">\n\t\t\t\t\t\t\t<div class=\"elementor-background-overlay\"><\/div>\n\t\t\t\t\t\t\t<div class=\"elementor-container elementor-column-gap-no\">\n\t\t\t\t\t<div class=\"elementor-column elementor-col-100 elementor-top-column elementor-element elementor-element-2516972\" data-id=\"2516972\" data-element_type=\"column\" data-e-type=\"column\">\n\t\t\t<div class=\"elementor-widget-wrap elementor-element-populated\">\n\t\t\t\t\t\t<section class=\"elementor-section elementor-inner-section elementor-element elementor-element-9407adc elementor-section-boxed elementor-section-height-default elementor-section-height-default\" data-id=\"9407adc\" data-element_type=\"section\" data-e-type=\"section\">\n\t\t\t\t\t\t<div class=\"elementor-container elementor-column-gap-default\">\n\t\t\t\t\t<div class=\"elementor-column elementor-col-100 elementor-inner-column elementor-element elementor-element-ce8572f\" data-id=\"ce8572f\" data-element_type=\"column\" data-e-type=\"column\">\n\t\t\t<div class=\"elementor-widget-wrap elementor-element-populated\">\n\t\t\t\t\t\t<div class=\"elementor-element elementor-element-da7fe70 elementor-widget elementor-widget-heading\" data-id=\"da7fe70\" data-element_type=\"widget\" data-e-type=\"widget\" data-widget_type=\"heading.default\">\n\t\t\t\t<div class=\"elementor-widget-container\">\n\t\t\t\t\t<h2 class=\"elementor-heading-title elementor-size-default\">\u010disto energijo<\/h2>\t\t\t\t<\/div>\n\t\t\t\t<\/div>\n\t\t\t\t\t<\/div>\n\t\t<\/div>\n\t\t\t\t\t<\/div>\n\t\t<\/section>\n\t\t\t\t\t<\/div>\n\t\t<\/div>\n\t\t\t\t\t<\/div>\n\t\t<\/section>\n\t\t\t\t<section class=\"elementor-section elementor-top-section elementor-element elementor-element-6c24053 elementor-section-boxed elementor-section-height-default elementor-section-height-default\" data-id=\"6c24053\" data-element_type=\"section\" data-e-type=\"section\" data-settings=\"{&quot;background_background&quot;:&quot;classic&quot;}\">\n\t\t\t\t\t\t<div class=\"elementor-container elementor-column-gap-default\">\n\t\t\t\t\t<div class=\"elementor-column elementor-col-100 elementor-top-column elementor-element elementor-element-c00ddef\" data-id=\"c00ddef\" data-element_type=\"column\" data-e-type=\"column\">\n\t\t\t<div class=\"elementor-widget-wrap elementor-element-populated\">\n\t\t\t\t\t\t<section class=\"elementor-section elementor-inner-section elementor-element elementor-element-7e7819a elementor-section-boxed elementor-section-height-default elementor-section-height-default\" data-id=\"7e7819a\" data-element_type=\"section\" data-e-type=\"section\">\n\t\t\t\t\t\t<div class=\"elementor-container elementor-column-gap-default\">\n\t\t\t\t\t<div class=\"elementor-column elementor-col-100 elementor-inner-column elementor-element elementor-element-a26ab83\" data-id=\"a26ab83\" data-element_type=\"column\" data-e-type=\"column\">\n\t\t\t<div class=\"elementor-widget-wrap elementor-element-populated\">\n\t\t\t\t\t\t<div class=\"elementor-element elementor-element-2adf03e elementor-widget elementor-widget-heading\" data-id=\"2adf03e\" data-element_type=\"widget\" data-e-type=\"widget\" data-widget_type=\"heading.default\">\n\t\t\t\t<div class=\"elementor-widget-container\">\n\t\t\t\t\t<h2 class=\"elementor-heading-title elementor-size-default\"><span>100 % obnovljiva elektrika<\/span><\/h2>\t\t\t\t<\/div>\n\t\t\t\t<\/div>\n\t\t\t\t\t<\/div>\n\t\t<\/div>\n\t\t\t\t\t<\/div>\n\t\t<\/section>\n\t\t\t\t<section class=\"elementor-section elementor-inner-section elementor-element elementor-element-c147929 elementor-section-boxed elementor-section-height-default elementor-section-height-default\" data-id=\"c147929\" data-element_type=\"section\" data-e-type=\"section\">\n\t\t\t\t\t\t<div class=\"elementor-container elementor-column-gap-default\">\n\t\t\t\t\t<div class=\"elementor-column elementor-col-100 elementor-inner-column elementor-element elementor-element-6b6d570\" data-id=\"6b6d570\" data-element_type=\"column\" data-e-type=\"column\">\n\t\t\t<div class=\"elementor-widget-wrap elementor-element-populated\">\n\t\t\t\t\t\t<div class=\"elementor-element elementor-element-f415b1e elementor-widget__width-initial elementor-widget elementor-widget-text-editor\" data-id=\"f415b1e\" data-element_type=\"widget\" data-e-type=\"widget\" data-widget_type=\"text-editor.default\">\n\t\t\t\t<div class=\"elementor-widget-container\">\n\t\t\t\t\t\t\t\t\t<p>Za na\u0161e poslovanje uporabljamo 100 % obnovljivo elektri\u010dno energijo<br \/>certificirano z jamstvom o poreklu, proizvedeno zahvaljujo\u010d mo\u010di narave.<\/p>\n<p>Na\u0161e podjetje se je \u017ee zdavnaj jasno in zavestno odlo\u010dilo. Odlo\u010dili smo se, da bomo temu planetu omogo\u010dili prihodnost.<\/p>\n<p>Glavni razlog za trajnostno naravnanost je prav ta, da nam omogo\u010da na\u010drtovanje bolj\u0161ega jutri.<\/p>\n\t\t\t\t\t\t\t\t<\/div>\n\t\t\t\t<\/div>\n\t\t\t\t<div class=\"elementor-element elementor-element-c1ddc6c elementor-widget elementor-widget-text-editor\" data-id=\"c1ddc6c\" data-element_type=\"widget\" data-e-type=\"widget\" data-widget_type=\"text-editor.default\">\n\t\t\t\t<div class=\"elementor-widget-container\">\n\t\t\t\t\t\t\t\t\t<p><strong>DANDI&#8217; SRL<\/strong><\/p>\n<p>Za na\u0161e poslovanje uporabljamo 100 % obnovljivo elektri\u010dno energijo<br \/>\ncertificirano z jamstvom o poreklu, proizvedeno zahvaljujo\u010d mo\u010di narave.<\/p>\n<p>Na\u0161e podjetje se je \u017ee zdavnaj jasno in zavestno odlo\u010dilo. Odlo\u010dili smo se, da bomo temu planetu omogo\u010dili prihodnost.<\/p>\n<p>Glavni razlog za trajnostno naravnanost je prav ta, da nam omogo\u010da na\u010drtovanje bolj\u0161ega jutri.<\/p>\n\t\t\t\t\t\t\t\t<\/div>\n\t\t\t\t<\/div>\n\t\t\t\t<div class=\"elementor-element elementor-element-bdddc29 elementor-widget elementor-widget-image\" data-id=\"bdddc29\" data-element_type=\"widget\" data-e-type=\"widget\" data-widget_type=\"image.default\">\n\t\t\t\t<div class=\"elementor-widget-container\">\n\t\t\t\t\t\t\t\t\t\t\t\t\t\t\t<img fetchpriority=\"high\" decoding=\"async\" width=\"900\" height=\"900\" src=\"https:\/\/dandi-italia.com\/wp-content\/uploads\/2020\/03\/logo-enegan-verde-big.png\" class=\"attachment-large size-large wp-image-6359\" alt=\"\" srcset=\"https:\/\/dandi-italia.com\/wp-content\/uploads\/2020\/03\/logo-enegan-verde-big.png 900w, https:\/\/dandi-italia.com\/wp-content\/uploads\/2020\/03\/logo-enegan-verde-big-300x300.png 300w, https:\/\/dandi-italia.com\/wp-content\/uploads\/2020\/03\/logo-enegan-verde-big-150x150.png 150w, https:\/\/dandi-italia.com\/wp-content\/uploads\/2020\/03\/logo-enegan-verde-big-768x768.png 768w, https:\/\/dandi-italia.com\/wp-content\/uploads\/2020\/03\/logo-enegan-verde-big-600x600.png 600w\" sizes=\"(max-width: 900px) 100vw, 900px\" \/>\t\t\t\t\t\t\t\t\t\t\t\t\t\t\t<\/div>\n\t\t\t\t<\/div>\n\t\t\t\t<div class=\"elementor-element elementor-element-ba37ce9 elementor-view-framed elementor-shape-circle elementor-widget elementor-widget-icon\" data-id=\"ba37ce9\" data-element_type=\"widget\" data-e-type=\"widget\" data-widget_type=\"icon.default\">\n\t\t\t\t<div class=\"elementor-widget-container\">\n\t\t\t\t\t\t\t<div class=\"elementor-icon-wrapper\">\n\t\t\t<a class=\"elementor-icon\" href=\"https:\/\/dandi-italia.com\/wp-content\/uploads\/2025\/04\/5325-energia.pdf\" target=\"_blank\">\n\t\t\t<i aria-hidden=\"true\" class=\"fas fa-file-pdf\"><\/i>\t\t\t<\/a>\n\t\t<\/div>\n\t\t\t\t\t\t<\/div>\n\t\t\t\t<\/div>\n\t\t\t\t\t<\/div>\n\t\t<\/div>\n\t\t\t\t\t<\/div>\n\t\t<\/section>\n\t\t\t\t\t<\/div>\n\t\t<\/div>\n\t\t\t\t\t<\/div>\n\t\t<\/section>\n\t\t\t\t<\/div>\n\t\t","protected":false},"excerpt":{"rendered":"<p>\u010disto energijo 100 % obnovljiva elektrika Za na\u0161e poslovanje uporabljamo 100 % obnovljivo elektri\u010dno energijocertificirano z jamstvom o poreklu, proizvedeno zahvaljujo\u010d mo\u010di narave. Na\u0161e podjetje se je \u017ee zdavnaj jasno in zavestno odlo\u010dilo. Odlo\u010dili smo se, da bomo temu planetu omogo\u010dili prihodnost. Glavni razlog za trajnostno naravnanost je prav ta, da nam omogo\u010da na\u010drtovanje bolj\u0161ega [&hellip;]<\/p>\n","protected":false},"author":9,"featured_media":0,"parent":0,"menu_order":0,"comment_status":"closed","ping_status":"closed","template":"elementor_header_footer","meta":{"ocean_post_layout":"","ocean_both_sidebars_style":"","ocean_both_sidebars_content_width":0,"ocean_both_sidebars_sidebars_width":0,"ocean_sidebar":"0","ocean_second_sidebar":"0","ocean_disable_margins":"enable","ocean_add_body_class":"","ocean_shortcode_before_top_bar":"","ocean_shortcode_after_top_bar":"","ocean_shortcode_before_header":"","ocean_shortcode_after_header":"","ocean_has_shortcode":"","ocean_shortcode_after_title":"","ocean_shortcode_before_footer_widgets":"","ocean_shortcode_after_footer_widgets":"","ocean_shortcode_before_footer_bottom":"","ocean_shortcode_after_footer_bottom":"","ocean_display_top_bar":"default","ocean_display_header":"default","ocean_header_style":"","ocean_center_header_left_menu":"0","ocean_custom_header_template":"0","ocean_custom_logo":0,"ocean_custom_retina_logo":0,"ocean_custom_logo_max_width":0,"ocean_custom_logo_tablet_max_width":0,"ocean_custom_logo_mobile_max_width":0,"ocean_custom_logo_max_height":0,"ocean_custom_logo_tablet_max_height":0,"ocean_custom_logo_mobile_max_height":0,"ocean_header_custom_menu":"0","ocean_menu_typo_font_family":"0","ocean_menu_typo_font_subset":"","ocean_menu_typo_font_size":0,"ocean_menu_typo_font_size_tablet":0,"ocean_menu_typo_font_size_mobile":0,"ocean_menu_typo_font_size_unit":"px","ocean_menu_typo_font_weight":"","ocean_menu_typo_font_weight_tablet":"","ocean_menu_typo_font_weight_mobile":"","ocean_menu_typo_transform":"","ocean_menu_typo_transform_tablet":"","ocean_menu_typo_transform_mobile":"","ocean_menu_typo_line_height":0,"ocean_menu_typo_line_height_tablet":0,"ocean_menu_typo_line_height_mobile":0,"ocean_menu_typo_line_height_unit":"","ocean_menu_typo_spacing":0,"ocean_menu_typo_spacing_tablet":0,"ocean_menu_typo_spacing_mobile":0,"ocean_menu_typo_spacing_unit":"","ocean_menu_link_color":"","ocean_menu_link_color_hover":"","ocean_menu_link_color_active":"","ocean_menu_link_background":"","ocean_menu_link_hover_background":"","ocean_menu_link_active_background":"","ocean_menu_social_links_bg":"","ocean_menu_social_hover_links_bg":"","ocean_menu_social_links_color":"","ocean_menu_social_hover_links_color":"","ocean_disable_title":"default","ocean_disable_heading":"default","ocean_post_title":"","ocean_post_subheading":"","ocean_post_title_style":"","ocean_post_title_background_color":"","ocean_post_title_background":0,"ocean_post_title_bg_image_position":"","ocean_post_title_bg_image_attachment":"","ocean_post_title_bg_image_repeat":"","ocean_post_title_bg_image_size":"","ocean_post_title_height":0,"ocean_post_title_bg_overlay":0.5,"ocean_post_title_bg_overlay_color":"","ocean_disable_breadcrumbs":"default","ocean_breadcrumbs_color":"","ocean_breadcrumbs_separator_color":"","ocean_breadcrumbs_links_color":"","ocean_breadcrumbs_links_hover_color":"","ocean_display_footer_widgets":"default","ocean_display_footer_bottom":"default","ocean_custom_footer_template":"0","footnotes":""},"class_list":["post-4821","page","type-page","status-publish","hentry","entry"],"yoast_head":"<!-- This site is optimized with the Yoast SEO plugin v27.4 - https:\/\/yoast.com\/product\/yoast-seo-wordpress\/ -->\n<title>Dandi | 100 % obnovljiva elektrika<\/title>\n<meta name=\"description\" content=\"Za na\u0161e poslovanje uporabljamo 100 % certificirano obnovljivo elektri\u010dno energijo, proizvedeno zahvaljujo\u010d mo\u010di narave.\" \/>\n<meta name=\"robots\" content=\"index, follow, max-snippet:-1, max-image-preview:large, max-video-preview:-1\" \/>\n<link rel=\"canonical\" href=\"https:\/\/dandi-italia.com\/energia-pulita\/\" \/>\n<meta property=\"og:locale\" content=\"sl_SI\" \/>\n<meta property=\"og:type\" content=\"article\" \/>\n<meta property=\"og:title\" content=\"Dandi | 100 % obnovljiva elektrika\" \/>\n<meta property=\"og:description\" content=\"Za na\u0161e poslovanje uporabljamo 100 % certificirano obnovljivo elektri\u010dno energijo, proizvedeno zahvaljujo\u010d mo\u010di narave.\" \/>\n<meta property=\"og:url\" content=\"https:\/\/dandi-italia.com\/energia-pulita\/\" \/>\n<meta property=\"og:site_name\" content=\"Dandi srl\" \/>\n<meta property=\"article:modified_time\" content=\"2025-04-11T08:31:46+00:00\" \/>\n<meta property=\"og:image\" content=\"https:\/\/dandi-italia.com\/wp-content\/uploads\/2020\/03\/logo-enegan-verde-big.png\" \/>\n\t<meta property=\"og:image:width\" content=\"900\" \/>\n\t<meta property=\"og:image:height\" content=\"900\" \/>\n\t<meta property=\"og:image:type\" content=\"image\/png\" \/>\n<meta name=\"twitter:card\" content=\"summary_large_image\" \/>\n<meta name=\"twitter:label1\" content=\"Est. reading time\" \/>\n\t<meta name=\"twitter:data1\" content=\"1 minuta\" \/>\n<script type=\"application\/ld+json\" class=\"yoast-schema-graph\">{\"@context\":\"https:\\\/\\\/schema.org\",\"@graph\":[{\"@type\":\"WebPage\",\"@id\":\"https:\\\/\\\/dandi-italia.com\\\/energia-pulita\\\/\",\"url\":\"https:\\\/\\\/dandi-italia.com\\\/energia-pulita\\\/\",\"name\":\"Dandi | 100 % obnovljiva elektrika\",\"isPartOf\":{\"@id\":\"https:\\\/\\\/dandi-italia.com\\\/#website\"},\"primaryImageOfPage\":{\"@id\":\"https:\\\/\\\/dandi-italia.com\\\/energia-pulita\\\/#primaryimage\"},\"image\":{\"@id\":\"https:\\\/\\\/dandi-italia.com\\\/energia-pulita\\\/#primaryimage\"},\"thumbnailUrl\":\"https:\\\/\\\/dandi-italia.com\\\/wp-content\\\/uploads\\\/2020\\\/03\\\/logo-enegan-verde-big.png\",\"datePublished\":\"2024-07-11T09:51:36+00:00\",\"dateModified\":\"2025-04-11T08:31:46+00:00\",\"description\":\"Za na\u0161e poslovanje uporabljamo 100 % certificirano obnovljivo elektri\u010dno energijo, proizvedeno zahvaljujo\u010d mo\u010di narave.\",\"breadcrumb\":{\"@id\":\"https:\\\/\\\/dandi-italia.com\\\/energia-pulita\\\/#breadcrumb\"},\"inLanguage\":\"sl-SI\",\"potentialAction\":[{\"@type\":\"ReadAction\",\"target\":[\"https:\\\/\\\/dandi-italia.com\\\/energia-pulita\\\/\"]}]},{\"@type\":\"ImageObject\",\"inLanguage\":\"sl-SI\",\"@id\":\"https:\\\/\\\/dandi-italia.com\\\/energia-pulita\\\/#primaryimage\",\"url\":\"https:\\\/\\\/dandi-italia.com\\\/wp-content\\\/uploads\\\/2020\\\/03\\\/logo-enegan-verde-big.png\",\"contentUrl\":\"https:\\\/\\\/dandi-italia.com\\\/wp-content\\\/uploads\\\/2020\\\/03\\\/logo-enegan-verde-big.png\"},{\"@type\":\"BreadcrumbList\",\"@id\":\"https:\\\/\\\/dandi-italia.com\\\/energia-pulita\\\/#breadcrumb\",\"itemListElement\":[{\"@type\":\"ListItem\",\"position\":1,\"name\":\"Home\",\"item\":\"https:\\\/\\\/dandi-italia.com\\\/\"},{\"@type\":\"ListItem\",\"position\":2,\"name\":\"\u010disto energijo\"}]},{\"@type\":\"WebSite\",\"@id\":\"https:\\\/\\\/dandi-italia.com\\\/#website\",\"url\":\"https:\\\/\\\/dandi-italia.com\\\/\",\"name\":\"Dandi srl\",\"description\":\"\",\"publisher\":{\"@id\":\"https:\\\/\\\/dandi-italia.com\\\/#organization\"},\"potentialAction\":[{\"@type\":\"SearchAction\",\"target\":{\"@type\":\"EntryPoint\",\"urlTemplate\":\"https:\\\/\\\/dandi-italia.com\\\/?s={search_term_string}\"},\"query-input\":{\"@type\":\"PropertyValueSpecification\",\"valueRequired\":true,\"valueName\":\"search_term_string\"}}],\"inLanguage\":\"sl-SI\"},{\"@type\":\"Organization\",\"@id\":\"https:\\\/\\\/dandi-italia.com\\\/#organization\",\"name\":\"Dandi srl\",\"url\":\"https:\\\/\\\/dandi-italia.com\\\/\",\"logo\":{\"@type\":\"ImageObject\",\"inLanguage\":\"sl-SI\",\"@id\":\"https:\\\/\\\/dandi-italia.com\\\/#\\\/schema\\\/logo\\\/image\\\/\",\"url\":\"https:\\\/\\\/dandi-italia.com\\\/wp-content\\\/uploads\\\/2020\\\/03\\\/Dand\u00ec.png\",\"contentUrl\":\"https:\\\/\\\/dandi-italia.com\\\/wp-content\\\/uploads\\\/2020\\\/03\\\/Dand\u00ec.png\",\"width\":506,\"height\":134,\"caption\":\"Dandi srl\"},\"image\":{\"@id\":\"https:\\\/\\\/dandi-italia.com\\\/#\\\/schema\\\/logo\\\/image\\\/\"}}]}<\/script>\n<!-- \/ Yoast SEO plugin. -->","yoast_head_json":{"title":"Dandi | 100 % obnovljiva elektrika","description":"Za na\u0161e poslovanje uporabljamo 100 % certificirano obnovljivo elektri\u010dno energijo, proizvedeno zahvaljujo\u010d mo\u010di narave.","robots":{"index":"index","follow":"follow","max-snippet":"max-snippet:-1","max-image-preview":"max-image-preview:large","max-video-preview":"max-video-preview:-1"},"canonical":"https:\/\/dandi-italia.com\/energia-pulita\/","og_locale":"sl_SI","og_type":"article","og_title":"Dandi | 100 % obnovljiva elektrika","og_description":"Za na\u0161e poslovanje uporabljamo 100 % certificirano obnovljivo elektri\u010dno energijo, proizvedeno zahvaljujo\u010d mo\u010di narave.","og_url":"https:\/\/dandi-italia.com\/energia-pulita\/","og_site_name":"Dandi srl","article_modified_time":"2025-04-11T08:31:46+00:00","og_image":[{"width":900,"height":900,"url":"https:\/\/dandi-italia.com\/wp-content\/uploads\/2020\/03\/logo-enegan-verde-big.png","type":"image\/png"}],"twitter_card":"summary_large_image","twitter_misc":{"Est. reading time":"1 minuta"},"schema":{"@context":"https:\/\/schema.org","@graph":[{"@type":"WebPage","@id":"https:\/\/dandi-italia.com\/energia-pulita\/","url":"https:\/\/dandi-italia.com\/energia-pulita\/","name":"Dandi | 100 % obnovljiva elektrika","isPartOf":{"@id":"https:\/\/dandi-italia.com\/#website"},"primaryImageOfPage":{"@id":"https:\/\/dandi-italia.com\/energia-pulita\/#primaryimage"},"image":{"@id":"https:\/\/dandi-italia.com\/energia-pulita\/#primaryimage"},"thumbnailUrl":"https:\/\/dandi-italia.com\/wp-content\/uploads\/2020\/03\/logo-enegan-verde-big.png","datePublished":"2024-07-11T09:51:36+00:00","dateModified":"2025-04-11T08:31:46+00:00","description":"Za na\u0161e poslovanje uporabljamo 100 % certificirano obnovljivo elektri\u010dno energijo, proizvedeno zahvaljujo\u010d mo\u010di narave.","breadcrumb":{"@id":"https:\/\/dandi-italia.com\/energia-pulita\/#breadcrumb"},"inLanguage":"sl-SI","potentialAction":[{"@type":"ReadAction","target":["https:\/\/dandi-italia.com\/energia-pulita\/"]}]},{"@type":"ImageObject","inLanguage":"sl-SI","@id":"https:\/\/dandi-italia.com\/energia-pulita\/#primaryimage","url":"https:\/\/dandi-italia.com\/wp-content\/uploads\/2020\/03\/logo-enegan-verde-big.png","contentUrl":"https:\/\/dandi-italia.com\/wp-content\/uploads\/2020\/03\/logo-enegan-verde-big.png"},{"@type":"BreadcrumbList","@id":"https:\/\/dandi-italia.com\/energia-pulita\/#breadcrumb","itemListElement":[{"@type":"ListItem","position":1,"name":"Home","item":"https:\/\/dandi-italia.com\/"},{"@type":"ListItem","position":2,"name":"\u010disto energijo"}]},{"@type":"WebSite","@id":"https:\/\/dandi-italia.com\/#website","url":"https:\/\/dandi-italia.com\/","name":"Dandi srl","description":"","publisher":{"@id":"https:\/\/dandi-italia.com\/#organization"},"potentialAction":[{"@type":"SearchAction","target":{"@type":"EntryPoint","urlTemplate":"https:\/\/dandi-italia.com\/?s={search_term_string}"},"query-input":{"@type":"PropertyValueSpecification","valueRequired":true,"valueName":"search_term_string"}}],"inLanguage":"sl-SI"},{"@type":"Organization","@id":"https:\/\/dandi-italia.com\/#organization","name":"Dandi srl","url":"https:\/\/dandi-italia.com\/","logo":{"@type":"ImageObject","inLanguage":"sl-SI","@id":"https:\/\/dandi-italia.com\/#\/schema\/logo\/image\/","url":"https:\/\/dandi-italia.com\/wp-content\/uploads\/2020\/03\/Dand\u00ec.png","contentUrl":"https:\/\/dandi-italia.com\/wp-content\/uploads\/2020\/03\/Dand\u00ec.png","width":506,"height":134,"caption":"Dandi srl"},"image":{"@id":"https:\/\/dandi-italia.com\/#\/schema\/logo\/image\/"}}]}},"_links":{"self":[{"href":"https:\/\/dandi-italia.com\/sl\/wp-json\/wp\/v2\/pages\/4821","targetHints":{"allow":["GET"]}}],"collection":[{"href":"https:\/\/dandi-italia.com\/sl\/wp-json\/wp\/v2\/pages"}],"about":[{"href":"https:\/\/dandi-italia.com\/sl\/wp-json\/wp\/v2\/types\/page"}],"author":[{"embeddable":true,"href":"https:\/\/dandi-italia.com\/sl\/wp-json\/wp\/v2\/users\/9"}],"replies":[{"embeddable":true,"href":"https:\/\/dandi-italia.com\/sl\/wp-json\/wp\/v2\/comments?post=4821"}],"version-history":[{"count":4,"href":"https:\/\/dandi-italia.com\/sl\/wp-json\/wp\/v2\/pages\/4821\/revisions"}],"predecessor-version":[{"id":6409,"href":"https:\/\/dandi-italia.com\/sl\/wp-json\/wp\/v2\/pages\/4821\/revisions\/6409"}],"wp:attachment":[{"href":"https:\/\/dandi-italia.com\/sl\/wp-json\/wp\/v2\/media?parent=4821"}],"curies":[{"name":"wp","href":"https:\/\/api.w.org\/{rel}","templated":true}]}}