{"id":2323,"date":"2021-12-20T12:03:42","date_gmt":"2021-12-20T11:03:42","guid":{"rendered":"https:\/\/dandi-italia.com\/informativa\/"},"modified":"2021-12-20T12:12:54","modified_gmt":"2021-12-20T11:12:54","slug":"informativa","status":"publish","type":"page","link":"https:\/\/dandi-italia.com\/fr\/informativa\/","title":{"rendered":"Informativa"},"content":{"rendered":"\t\t<div data-elementor-type=\"wp-page\" data-elementor-id=\"2323\" class=\"elementor elementor-2323 elementor-498\" data-elementor-post-type=\"page\">\n\t\t\t\t\t\t<section class=\"elementor-section elementor-top-section elementor-element elementor-element-c8cc7c6 elementor-section-full_width elementor-section-height-min-height elementor-section-stretched elementor-section-height-default elementor-section-items-middle\" data-id=\"c8cc7c6\" data-element_type=\"section\" data-e-type=\"section\" data-settings=\"{&quot;background_background&quot;:&quot;slideshow&quot;,&quot;stretch_section&quot;:&quot;section-stretched&quot;,&quot;background_slideshow_gallery&quot;:[{&quot;id&quot;:333,&quot;url&quot;:&quot;https:\\\/\\\/dandi-italia.com\\\/wp-content\\\/uploads\\\/2020\\\/03\\\/0293_19_V02_SET_07_ZEN-1.jpg&quot;},{&quot;id&quot;:334,&quot;url&quot;:&quot;https:\\\/\\\/dandi-italia.com\\\/wp-content\\\/uploads\\\/2020\\\/03\\\/0365_19_V01_SET_11_SISTEMA-1.jpg&quot;},{&quot;id&quot;:412,&quot;url&quot;:&quot;https:\\\/\\\/dandi-italia.com\\\/wp-content\\\/uploads\\\/2020\\\/03\\\/eccimeri-dandi.jpg&quot;}],&quot;background_slideshow_transition_duration&quot;:1500,&quot;background_slideshow_ken_burns&quot;:&quot;yes&quot;,&quot;background_slideshow_loop&quot;:&quot;yes&quot;,&quot;background_slideshow_slide_duration&quot;:5000,&quot;background_slideshow_slide_transition&quot;:&quot;fade&quot;,&quot;background_slideshow_ken_burns_zoom_direction&quot;:&quot;in&quot;}\">\n\t\t\t\t\t\t\t<div class=\"elementor-background-overlay\"><\/div>\n\t\t\t\t\t\t\t<div class=\"elementor-container elementor-column-gap-no\">\n\t\t\t\t\t<div class=\"elementor-column elementor-col-100 elementor-top-column elementor-element elementor-element-19ea59b\" data-id=\"19ea59b\" data-element_type=\"column\" data-e-type=\"column\">\n\t\t\t<div class=\"elementor-widget-wrap elementor-element-populated\">\n\t\t\t\t\t\t<section class=\"elementor-section elementor-inner-section elementor-element elementor-element-dc8f401 elementor-section-boxed elementor-section-height-default elementor-section-height-default\" data-id=\"dc8f401\" data-element_type=\"section\" data-e-type=\"section\">\n\t\t\t\t\t\t<div class=\"elementor-container elementor-column-gap-default\">\n\t\t\t\t\t<div class=\"elementor-column elementor-col-100 elementor-inner-column elementor-element elementor-element-ce90e01\" data-id=\"ce90e01\" data-element_type=\"column\" data-e-type=\"column\">\n\t\t\t<div class=\"elementor-widget-wrap elementor-element-populated\">\n\t\t\t\t\t\t<div class=\"elementor-element elementor-element-a0492f6 elementor-widget elementor-widget-heading\" data-id=\"a0492f6\" data-element_type=\"widget\" data-e-type=\"widget\" data-widget_type=\"heading.default\">\n\t\t\t\t<div class=\"elementor-widget-container\">\n\t\t\t\t\t<h2 class=\"elementor-heading-title elementor-size-default\">Informativa<\/h2>\t\t\t\t<\/div>\n\t\t\t\t<\/div>\n\t\t\t\t\t<\/div>\n\t\t<\/div>\n\t\t\t\t\t<\/div>\n\t\t<\/section>\n\t\t\t\t\t<\/div>\n\t\t<\/div>\n\t\t\t\t\t<\/div>\n\t\t<\/section>\n\t\t\t\t<section class=\"elementor-section elementor-top-section elementor-element elementor-element-9271cde elementor-section-boxed elementor-section-height-default elementor-section-height-default\" data-id=\"9271cde\" data-element_type=\"section\" data-e-type=\"section\" data-settings=\"{&quot;background_background&quot;:&quot;classic&quot;}\">\n\t\t\t\t\t\t<div class=\"elementor-container elementor-column-gap-default\">\n\t\t\t\t\t<div class=\"elementor-column elementor-col-100 elementor-top-column elementor-element elementor-element-be583dd\" data-id=\"be583dd\" data-element_type=\"column\" data-e-type=\"column\">\n\t\t\t<div class=\"elementor-widget-wrap elementor-element-populated\">\n\t\t\t\t\t\t<div class=\"elementor-element elementor-element-c393ebd elementor-widget elementor-widget-text-editor\" data-id=\"c393ebd\" data-element_type=\"widget\" data-e-type=\"widget\" data-widget_type=\"text-editor.default\">\n\t\t\t\t<div class=\"elementor-widget-container\">\n\t\t\t\t\t\t\t\t\t<p><strong>Politique de confidentialit\u00e9 au sens de l&rsquo;art. 13 du d\u00e9cret l\u00e9gislatif 196\/2003 et au titre des articles 13 et 14 du R\u00e8glement UE 2016\/679<\/strong><\/p>\n<p>Les donn\u00e9es fournies en remplissant ce formulaire seront trait\u00e9es sous format papier et \u00e9lectronique. Vos donn\u00e9es ne seront utilis\u00e9es que pour r\u00e9pondre \u00e0 votre demande. La communication des donn\u00e9es et le consentement au traitement sont obligatoires, leur absence rendra impossible d&rsquo;envoyer le courriel de demande de contact et de r\u00e9pondre. Les donn\u00e9es que vous fournissez peuvent \u00eatre, sous r\u00e9serve de votre consentement, \u00e9galement utilis\u00e9es pour l&rsquo;envoi d&rsquo;informations et de mat\u00e9riel publicitaire ou pour des communications commerciales concernant de nouveaux produits ou des mises \u00e0 jour et nouveaut\u00e9s sur des produits existants. La communication des donn\u00e9es \u00e0 cette fin et\/ou le consentement au traitement sont facultatifs et leur absence ne pourra pas rendre impossible l&rsquo;ex\u00e9cution de la prestation demand\u00e9e. Nous conserverons les donn\u00e9es pendant le temps strictement n\u00e9cessaire \u00e0 la gestion de ce que vous avez demand\u00e9.<\/p>\n<p>Le responsable du traitement est DANDI SRL\u00e0 laquelle vous pouvez vous adresser pour l\u2019exercice des droits vis\u00e9s \u00e0 l&rsquo;art. 7 du d\u00e9cret l\u00e9gislatif 196\/2003 et au titre des articles 15-22 du R\u00e8glement UE 2016\/679. Pour consulter la politique de confidentialit\u00e9 compl\u00e8te, veuillez vous reporter \u00e0 ce\u00a0<u><a href=\"https:\/\/dandi-italia.com\/fr\/cookies-policy\/\" target=\"_blank\" rel=\"noopener\">lien<\/a><\/u>\u00a0<em>(https:\/\/dandi-italia.com\/fr\/cookies-policy\/)<\/em><\/p>\n\t\t\t\t\t\t\t\t<\/div>\n\t\t\t\t<\/div>\n\t\t\t\t\t<\/div>\n\t\t<\/div>\n\t\t\t\t\t<\/div>\n\t\t<\/section>\n\t\t\t\t<\/div>\n\t\t","protected":false},"excerpt":{"rendered":"<p>Politique de confidentialit\u00e9 au sens de l&rsquo;art. 13 du d\u00e9cret l\u00e9gislatif 196\/2003 et au titre des articles 13 et 14 du R\u00e8glement UE 2016\/679 Les donn\u00e9es fournies en remplissant ce formulaire seront trait\u00e9es sous format papier et \u00e9lectronique. Vos donn\u00e9es ne seront utilis\u00e9es que pour r\u00e9pondre \u00e0 votre demande. La communication des donn\u00e9es et le [&hellip;]<\/p>\n","protected":false},"author":9,"featured_media":0,"parent":0,"menu_order":0,"comment_status":"closed","ping_status":"closed","template":"elementor_header_footer","meta":{"ocean_post_layout":"","ocean_both_sidebars_style":"","ocean_both_sidebars_content_width":0,"ocean_both_sidebars_sidebars_width":0,"ocean_sidebar":"0","ocean_second_sidebar":"0","ocean_disable_margins":"enable","ocean_add_body_class":"","ocean_shortcode_before_top_bar":"","ocean_shortcode_after_top_bar":"","ocean_shortcode_before_header":"","ocean_shortcode_after_header":"","ocean_has_shortcode":"","ocean_shortcode_after_title":"","ocean_shortcode_before_footer_widgets":"","ocean_shortcode_after_footer_widgets":"","ocean_shortcode_before_footer_bottom":"","ocean_shortcode_after_footer_bottom":"","ocean_display_top_bar":"default","ocean_display_header":"default","ocean_header_style":"","ocean_center_header_left_menu":"0","ocean_custom_header_template":"0","ocean_custom_logo":0,"ocean_custom_retina_logo":0,"ocean_custom_logo_max_width":0,"ocean_custom_logo_tablet_max_width":0,"ocean_custom_logo_mobile_max_width":0,"ocean_custom_logo_max_height":0,"ocean_custom_logo_tablet_max_height":0,"ocean_custom_logo_mobile_max_height":0,"ocean_header_custom_menu":"0","ocean_menu_typo_font_family":"0","ocean_menu_typo_font_subset":"","ocean_menu_typo_font_size":0,"ocean_menu_typo_font_size_tablet":0,"ocean_menu_typo_font_size_mobile":0,"ocean_menu_typo_font_size_unit":"px","ocean_menu_typo_font_weight":"","ocean_menu_typo_font_weight_tablet":"","ocean_menu_typo_font_weight_mobile":"","ocean_menu_typo_transform":"","ocean_menu_typo_transform_tablet":"","ocean_menu_typo_transform_mobile":"","ocean_menu_typo_line_height":0,"ocean_menu_typo_line_height_tablet":0,"ocean_menu_typo_line_height_mobile":0,"ocean_menu_typo_line_height_unit":"","ocean_menu_typo_spacing":0,"ocean_menu_typo_spacing_tablet":0,"ocean_menu_typo_spacing_mobile":0,"ocean_menu_typo_spacing_unit":"","ocean_menu_link_color":"","ocean_menu_link_color_hover":"","ocean_menu_link_color_active":"","ocean_menu_link_background":"","ocean_menu_link_hover_background":"","ocean_menu_link_active_background":"","ocean_menu_social_links_bg":"","ocean_menu_social_hover_links_bg":"","ocean_menu_social_links_color":"","ocean_menu_social_hover_links_color":"","ocean_disable_title":"default","ocean_disable_heading":"default","ocean_post_title":"","ocean_post_subheading":"","ocean_post_title_style":"","ocean_post_title_background_color":"","ocean_post_title_background":0,"ocean_post_title_bg_image_position":"","ocean_post_title_bg_image_attachment":"","ocean_post_title_bg_image_repeat":"","ocean_post_title_bg_image_size":"","ocean_post_title_height":0,"ocean_post_title_bg_overlay":0.5,"ocean_post_title_bg_overlay_color":"","ocean_disable_breadcrumbs":"default","ocean_breadcrumbs_color":"","ocean_breadcrumbs_separator_color":"","ocean_breadcrumbs_links_color":"","ocean_breadcrumbs_links_hover_color":"","ocean_display_footer_widgets":"default","ocean_display_footer_bottom":"default","ocean_custom_footer_template":"0","footnotes":""},"class_list":["post-2323","page","type-page","status-publish","hentry","entry"],"yoast_head":"<!-- This site is optimized with the Yoast SEO plugin v27.3 - https:\/\/yoast.com\/product\/yoast-seo-wordpress\/ -->\n<title>Informativa - Dandi srl<\/title>\n<meta name=\"robots\" content=\"index, follow, max-snippet:-1, max-image-preview:large, max-video-preview:-1\" \/>\n<link rel=\"canonical\" href=\"https:\/\/dandi-italia.com\/informativa\/\" \/>\n<meta property=\"og:locale\" content=\"fr_FR\" \/>\n<meta property=\"og:type\" content=\"article\" \/>\n<meta property=\"og:title\" content=\"Informativa - Dandi srl\" \/>\n<meta property=\"og:description\" content=\"Politique de confidentialit\u00e9 au sens de l&rsquo;art. 13 du d\u00e9cret l\u00e9gislatif 196\/2003 et au titre des articles 13 et 14 du R\u00e8glement UE 2016\/679 Les donn\u00e9es fournies en remplissant ce formulaire seront trait\u00e9es sous format papier et \u00e9lectronique. Vos donn\u00e9es ne seront utilis\u00e9es que pour r\u00e9pondre \u00e0 votre demande. La communication des donn\u00e9es et le [&hellip;]\" \/>\n<meta property=\"og:url\" content=\"https:\/\/dandi-italia.com\/informativa\/\" \/>\n<meta property=\"og:site_name\" content=\"Dandi srl\" \/>\n<meta property=\"article:modified_time\" content=\"2021-12-20T11:12:54+00:00\" \/>\n<meta name=\"twitter:card\" content=\"summary_large_image\" \/>\n<meta name=\"twitter:label1\" content=\"Dur\u00e9e de lecture estim\u00e9e\" \/>\n\t<meta name=\"twitter:data1\" content=\"1 minute\" \/>\n<script type=\"application\/ld+json\" class=\"yoast-schema-graph\">{\"@context\":\"https:\\\/\\\/schema.org\",\"@graph\":[{\"@type\":\"WebPage\",\"@id\":\"https:\\\/\\\/dandi-italia.com\\\/informativa\\\/\",\"url\":\"https:\\\/\\\/dandi-italia.com\\\/informativa\\\/\",\"name\":\"Informativa - Dandi srl\",\"isPartOf\":{\"@id\":\"https:\\\/\\\/dandi-italia.com\\\/#website\"},\"datePublished\":\"2021-12-20T11:03:42+00:00\",\"dateModified\":\"2021-12-20T11:12:54+00:00\",\"breadcrumb\":{\"@id\":\"https:\\\/\\\/dandi-italia.com\\\/informativa\\\/#breadcrumb\"},\"inLanguage\":\"fr-FR\",\"potentialAction\":[{\"@type\":\"ReadAction\",\"target\":[\"https:\\\/\\\/dandi-italia.com\\\/informativa\\\/\"]}]},{\"@type\":\"BreadcrumbList\",\"@id\":\"https:\\\/\\\/dandi-italia.com\\\/informativa\\\/#breadcrumb\",\"itemListElement\":[{\"@type\":\"ListItem\",\"position\":1,\"name\":\"Home\",\"item\":\"https:\\\/\\\/dandi-italia.com\\\/\"},{\"@type\":\"ListItem\",\"position\":2,\"name\":\"Informativa\"}]},{\"@type\":\"WebSite\",\"@id\":\"https:\\\/\\\/dandi-italia.com\\\/#website\",\"url\":\"https:\\\/\\\/dandi-italia.com\\\/\",\"name\":\"Dandi srl\",\"description\":\"\",\"publisher\":{\"@id\":\"https:\\\/\\\/dandi-italia.com\\\/#organization\"},\"potentialAction\":[{\"@type\":\"SearchAction\",\"target\":{\"@type\":\"EntryPoint\",\"urlTemplate\":\"https:\\\/\\\/dandi-italia.com\\\/?s={search_term_string}\"},\"query-input\":{\"@type\":\"PropertyValueSpecification\",\"valueRequired\":true,\"valueName\":\"search_term_string\"}}],\"inLanguage\":\"fr-FR\"},{\"@type\":\"Organization\",\"@id\":\"https:\\\/\\\/dandi-italia.com\\\/#organization\",\"name\":\"Dandi srl\",\"url\":\"https:\\\/\\\/dandi-italia.com\\\/\",\"logo\":{\"@type\":\"ImageObject\",\"inLanguage\":\"fr-FR\",\"@id\":\"https:\\\/\\\/dandi-italia.com\\\/#\\\/schema\\\/logo\\\/image\\\/\",\"url\":\"https:\\\/\\\/dandi-italia.com\\\/wp-content\\\/uploads\\\/2020\\\/03\\\/Dand\u00ec.png\",\"contentUrl\":\"https:\\\/\\\/dandi-italia.com\\\/wp-content\\\/uploads\\\/2020\\\/03\\\/Dand\u00ec.png\",\"width\":506,\"height\":134,\"caption\":\"Dandi srl\"},\"image\":{\"@id\":\"https:\\\/\\\/dandi-italia.com\\\/#\\\/schema\\\/logo\\\/image\\\/\"}}]}<\/script>\n<!-- \/ Yoast SEO plugin. -->","yoast_head_json":{"title":"Informativa - Dandi srl","robots":{"index":"index","follow":"follow","max-snippet":"max-snippet:-1","max-image-preview":"max-image-preview:large","max-video-preview":"max-video-preview:-1"},"canonical":"https:\/\/dandi-italia.com\/informativa\/","og_locale":"fr_FR","og_type":"article","og_title":"Informativa - Dandi srl","og_description":"Politique de confidentialit\u00e9 au sens de l&rsquo;art. 13 du d\u00e9cret l\u00e9gislatif 196\/2003 et au titre des articles 13 et 14 du R\u00e8glement UE 2016\/679 Les donn\u00e9es fournies en remplissant ce formulaire seront trait\u00e9es sous format papier et \u00e9lectronique. Vos donn\u00e9es ne seront utilis\u00e9es que pour r\u00e9pondre \u00e0 votre demande. La communication des donn\u00e9es et le [&hellip;]","og_url":"https:\/\/dandi-italia.com\/informativa\/","og_site_name":"Dandi srl","article_modified_time":"2021-12-20T11:12:54+00:00","twitter_card":"summary_large_image","twitter_misc":{"Dur\u00e9e de lecture estim\u00e9e":"1 minute"},"schema":{"@context":"https:\/\/schema.org","@graph":[{"@type":"WebPage","@id":"https:\/\/dandi-italia.com\/informativa\/","url":"https:\/\/dandi-italia.com\/informativa\/","name":"Informativa - Dandi srl","isPartOf":{"@id":"https:\/\/dandi-italia.com\/#website"},"datePublished":"2021-12-20T11:03:42+00:00","dateModified":"2021-12-20T11:12:54+00:00","breadcrumb":{"@id":"https:\/\/dandi-italia.com\/informativa\/#breadcrumb"},"inLanguage":"fr-FR","potentialAction":[{"@type":"ReadAction","target":["https:\/\/dandi-italia.com\/informativa\/"]}]},{"@type":"BreadcrumbList","@id":"https:\/\/dandi-italia.com\/informativa\/#breadcrumb","itemListElement":[{"@type":"ListItem","position":1,"name":"Home","item":"https:\/\/dandi-italia.com\/"},{"@type":"ListItem","position":2,"name":"Informativa"}]},{"@type":"WebSite","@id":"https:\/\/dandi-italia.com\/#website","url":"https:\/\/dandi-italia.com\/","name":"Dandi srl","description":"","publisher":{"@id":"https:\/\/dandi-italia.com\/#organization"},"potentialAction":[{"@type":"SearchAction","target":{"@type":"EntryPoint","urlTemplate":"https:\/\/dandi-italia.com\/?s={search_term_string}"},"query-input":{"@type":"PropertyValueSpecification","valueRequired":true,"valueName":"search_term_string"}}],"inLanguage":"fr-FR"},{"@type":"Organization","@id":"https:\/\/dandi-italia.com\/#organization","name":"Dandi srl","url":"https:\/\/dandi-italia.com\/","logo":{"@type":"ImageObject","inLanguage":"fr-FR","@id":"https:\/\/dandi-italia.com\/#\/schema\/logo\/image\/","url":"https:\/\/dandi-italia.com\/wp-content\/uploads\/2020\/03\/Dand\u00ec.png","contentUrl":"https:\/\/dandi-italia.com\/wp-content\/uploads\/2020\/03\/Dand\u00ec.png","width":506,"height":134,"caption":"Dandi srl"},"image":{"@id":"https:\/\/dandi-italia.com\/#\/schema\/logo\/image\/"}}]}},"_links":{"self":[{"href":"https:\/\/dandi-italia.com\/fr\/wp-json\/wp\/v2\/pages\/2323","targetHints":{"allow":["GET"]}}],"collection":[{"href":"https:\/\/dandi-italia.com\/fr\/wp-json\/wp\/v2\/pages"}],"about":[{"href":"https:\/\/dandi-italia.com\/fr\/wp-json\/wp\/v2\/types\/page"}],"author":[{"embeddable":true,"href":"https:\/\/dandi-italia.com\/fr\/wp-json\/wp\/v2\/users\/9"}],"replies":[{"embeddable":true,"href":"https:\/\/dandi-italia.com\/fr\/wp-json\/wp\/v2\/comments?post=2323"}],"version-history":[{"count":3,"href":"https:\/\/dandi-italia.com\/fr\/wp-json\/wp\/v2\/pages\/2323\/revisions"}],"predecessor-version":[{"id":2352,"href":"https:\/\/dandi-italia.com\/fr\/wp-json\/wp\/v2\/pages\/2323\/revisions\/2352"}],"wp:attachment":[{"href":"https:\/\/dandi-italia.com\/fr\/wp-json\/wp\/v2\/media?parent=2323"}],"curies":[{"name":"wp","href":"https:\/\/api.w.org\/{rel}","templated":true}]}}