{"id":2319,"date":"2021-12-20T12:03:13","date_gmt":"2021-12-20T11:03:13","guid":{"rendered":"https:\/\/dandi-italia.com\/info-legali\/"},"modified":"2021-12-20T12:12:24","modified_gmt":"2021-12-20T11:12:24","slug":"info-legali","status":"publish","type":"page","link":"https:\/\/dandi-italia.com\/fr\/info-legali\/","title":{"rendered":"Info legali"},"content":{"rendered":"\t\t<div data-elementor-type=\"wp-page\" data-elementor-id=\"2319\" class=\"elementor elementor-2319 elementor-485\" data-elementor-post-type=\"page\">\n\t\t\t\t\t\t<section class=\"elementor-section elementor-top-section elementor-element elementor-element-f6f1f46 elementor-section-full_width elementor-section-height-min-height elementor-section-stretched elementor-section-height-default elementor-section-items-middle\" data-id=\"f6f1f46\" data-element_type=\"section\" data-e-type=\"section\" data-settings=\"{&quot;background_background&quot;:&quot;slideshow&quot;,&quot;stretch_section&quot;:&quot;section-stretched&quot;,&quot;background_slideshow_gallery&quot;:[{&quot;id&quot;:333,&quot;url&quot;:&quot;https:\\\/\\\/dandi-italia.com\\\/wp-content\\\/uploads\\\/2020\\\/03\\\/0293_19_V02_SET_07_ZEN-1.jpg&quot;},{&quot;id&quot;:334,&quot;url&quot;:&quot;https:\\\/\\\/dandi-italia.com\\\/wp-content\\\/uploads\\\/2020\\\/03\\\/0365_19_V01_SET_11_SISTEMA-1.jpg&quot;},{&quot;id&quot;:412,&quot;url&quot;:&quot;https:\\\/\\\/dandi-italia.com\\\/wp-content\\\/uploads\\\/2020\\\/03\\\/eccimeri-dandi.jpg&quot;}],&quot;background_slideshow_transition_duration&quot;:1500,&quot;background_slideshow_ken_burns&quot;:&quot;yes&quot;,&quot;background_slideshow_loop&quot;:&quot;yes&quot;,&quot;background_slideshow_slide_duration&quot;:5000,&quot;background_slideshow_slide_transition&quot;:&quot;fade&quot;,&quot;background_slideshow_ken_burns_zoom_direction&quot;:&quot;in&quot;}\">\n\t\t\t\t\t\t\t<div class=\"elementor-background-overlay\"><\/div>\n\t\t\t\t\t\t\t<div class=\"elementor-container elementor-column-gap-no\">\n\t\t\t\t\t<div class=\"elementor-column elementor-col-100 elementor-top-column elementor-element elementor-element-f1e620f\" data-id=\"f1e620f\" data-element_type=\"column\" data-e-type=\"column\">\n\t\t\t<div class=\"elementor-widget-wrap elementor-element-populated\">\n\t\t\t\t\t\t<section class=\"elementor-section elementor-inner-section elementor-element elementor-element-751086e elementor-section-boxed elementor-section-height-default elementor-section-height-default\" data-id=\"751086e\" data-element_type=\"section\" data-e-type=\"section\">\n\t\t\t\t\t\t<div class=\"elementor-container elementor-column-gap-default\">\n\t\t\t\t\t<div class=\"elementor-column elementor-col-100 elementor-inner-column elementor-element elementor-element-bf4b0c7\" data-id=\"bf4b0c7\" data-element_type=\"column\" data-e-type=\"column\">\n\t\t\t<div class=\"elementor-widget-wrap elementor-element-populated\">\n\t\t\t\t\t\t<div class=\"elementor-element elementor-element-0ce2938 elementor-widget elementor-widget-heading\" data-id=\"0ce2938\" data-element_type=\"widget\" data-e-type=\"widget\" data-widget_type=\"heading.default\">\n\t\t\t\t<div class=\"elementor-widget-container\">\n\t\t\t\t\t<h2 class=\"elementor-heading-title elementor-size-default\">Info legali<\/h2>\t\t\t\t<\/div>\n\t\t\t\t<\/div>\n\t\t\t\t\t<\/div>\n\t\t<\/div>\n\t\t\t\t\t<\/div>\n\t\t<\/section>\n\t\t\t\t\t<\/div>\n\t\t<\/div>\n\t\t\t\t\t<\/div>\n\t\t<\/section>\n\t\t\t\t<section class=\"elementor-section elementor-top-section elementor-element elementor-element-e1123d8 elementor-section-boxed elementor-section-height-default elementor-section-height-default\" data-id=\"e1123d8\" data-element_type=\"section\" data-e-type=\"section\" data-settings=\"{&quot;background_background&quot;:&quot;classic&quot;}\">\n\t\t\t\t\t\t<div class=\"elementor-container elementor-column-gap-default\">\n\t\t\t\t\t<div class=\"elementor-column elementor-col-100 elementor-top-column elementor-element elementor-element-3cafabe\" data-id=\"3cafabe\" data-element_type=\"column\" data-e-type=\"column\">\n\t\t\t<div class=\"elementor-widget-wrap elementor-element-populated\">\n\t\t\t\t\t\t<div class=\"elementor-element elementor-element-44226f3 elementor-widget elementor-widget-text-editor\" data-id=\"44226f3\" data-element_type=\"widget\" data-e-type=\"widget\" data-widget_type=\"text-editor.default\">\n\t\t\t\t<div class=\"elementor-widget-container\">\n\t\t\t\t\t\t\t\t\t<p>Raison sociale : DANDI SRL<br \/>\nSi\u00e8ge social et d&rsquo;exploitation : Via Piave, 11, 30020 Annone Veneto VE<br \/>\nIdentifiant fiscal : Via Piave, 11, 30020 Annone Veneto VE<br \/>\nN\u00b0 T.V.A. : 04465180273<br \/>\nN\u00b0 T.V.A. : 04465180273<br \/>\nBBureau Registre du commerce et des soci\u00e9t\u00e9s :<br \/>\nR.E.A. (Economic and Administrative Index) no.:<\/p>\n<p><strong>POLITIQUES ET CONSENTEMENTS DE L&rsquo;ENTREPRISE<\/strong><\/p>\n<p><strong>DANDI SRL<\/strong><\/p>\n<p><a href=\"https:\/\/dandi-italia.com\/fr\/cookies-policy\/\" target=\"_blank\" rel=\"noopener\"><strong><u>Politique de l&rsquo;entreprise sur le traitement des donn\u00e9es\u00a0<\/u><\/strong>\u00a0<em>(<\/em>https:\/\/dandi-italia.com\/fr\/cookies-policy\/)<br \/>\n<\/a><a href=\"https:\/\/dandi-italia.com\/fr\/cookies-policy\/\" target=\"_blank\" rel=\"noopener\"><strong><u>Politique sur les cookies du site\u00a0<\/u><\/strong><em>(<\/em>https:\/\/dandi-italia.com\/fr\/cookies-policy\/)<br \/>\n<\/a><a href=\"http:\/\/privacypolicygenerator.it\/variabili-sito\/\" target=\"_blank\" rel=\"noopener\"><strong><u>Politique sur les lettres d&rsquo;information du site\u00a0<\/u><\/strong><em>(<\/em>)<\/a><\/p>\n<p><strong>MENTIONS SUR LES DROITS D&rsquo;AUTEUR ET LES MARQUES D\u00c9POS\u00c9ES<\/strong><\/p>\n<p>L&rsquo;ensemble du contenu de ce site web est prot\u00e9g\u00e9 par des droits d&rsquo;auteur (copyright \u00a9)2021 de la soci\u00e9t\u00e9 DANDI SRLou de ses fournisseurs. Au sens de l&rsquo;art. 1, alin\u00e9a 1 du d\u00e9cret-loi du 22 mars 2004, n\u00b0 72, tel que modifi\u00e9 et converti par la loi du 21 mai 2004 n\u00b0 128 les \u0153uvres pr\u00e9sentes sur ce site ont respect\u00e9 les obligations d\u00e9coulant de la l\u00e9gislation sur le droit d\u2019auteur et sur les droits connexes. La reproduction, la communication au public, la mise \u00e0 la disposition du public, la location et le pr\u00eat, l&rsquo;ex\u00e9cution publique et la diffusion sans l\u2019autorisation du d\u00e9tenteur des droits est interdite. Toutes violations sont punies conform\u00e9ment aux sanctions pr\u00e9vues par les articles 171, 171-bis, 171-ter, 174-bis et 174-ter de la loi 633\/1941. Au sens de l&rsquo;art. 5 de la loi du 22 avril 1941 n\u00b0 633 sur la protection du droit d\u2019auteur, les textes des actes officiels de l&rsquo;\u00c9tat et des administrations publiques, italiennes et \u00e9trang\u00e8res, ne sont pas couverts par des droits d&rsquo;auteur.<br \/>\nLe copyright indiqu\u00e9 se rapporte \u00e0 l&rsquo;\u00e9laboration et \u00e0 la forme de pr\u00e9sentation des textes proprement dits. Violations pr\u00e9sum\u00e9es du droit d\u2019auteur<\/p>\n<p>Ces communications doivent \u00eatre pr\u00e9sent\u00e9es par \u00e9crit et envoy\u00e9es au repr\u00e9sentant d\u00e9sign\u00e9 de la soci\u00e9t\u00e9 DANDI SRLSRL \u00e0 l&rsquo;adresse, au num\u00e9ro de fax ou \u00e0 l&rsquo;adresse de courriel ci-dessous :<\/p>\n<p>Registered office: Via Piave, 11, 30020 Annone Veneto VE<br \/>\nOperating Office: Via Piave, 11, 30020 Annone Veneto VE<br \/>\nPhone: 0422 1786019 \u2013 Fax: 0422 1786019<br \/>\neM.\u00a0<a href=\"mailto:info@dandisrl.com\">info@dandisrl.com<\/a><\/p>\n\t\t\t\t\t\t\t\t<\/div>\n\t\t\t\t<\/div>\n\t\t\t\t\t<\/div>\n\t\t<\/div>\n\t\t\t\t\t<\/div>\n\t\t<\/section>\n\t\t\t\t<\/div>\n\t\t","protected":false},"excerpt":{"rendered":"<p>Raison sociale : DANDI SRL Si\u00e8ge social et d&rsquo;exploitation : Via Piave, 11, 30020 Annone Veneto VE Identifiant fiscal : Via Piave, 11, 30020 Annone Veneto VE N\u00b0 T.V.A. : 04465180273 N\u00b0 T.V.A. : 04465180273 BBureau Registre du commerce et des soci\u00e9t\u00e9s : R.E.A. (Economic and Administrative Index) no.: POLITIQUES ET CONSENTEMENTS DE L&rsquo;ENTREPRISE DANDI [&hellip;]<\/p>\n","protected":false},"author":9,"featured_media":0,"parent":0,"menu_order":0,"comment_status":"closed","ping_status":"closed","template":"elementor_header_footer","meta":{"ocean_post_layout":"","ocean_both_sidebars_style":"","ocean_both_sidebars_content_width":0,"ocean_both_sidebars_sidebars_width":0,"ocean_sidebar":"0","ocean_second_sidebar":"0","ocean_disable_margins":"enable","ocean_add_body_class":"","ocean_shortcode_before_top_bar":"","ocean_shortcode_after_top_bar":"","ocean_shortcode_before_header":"","ocean_shortcode_after_header":"","ocean_has_shortcode":"","ocean_shortcode_after_title":"","ocean_shortcode_before_footer_widgets":"","ocean_shortcode_after_footer_widgets":"","ocean_shortcode_before_footer_bottom":"","ocean_shortcode_after_footer_bottom":"","ocean_display_top_bar":"default","ocean_display_header":"default","ocean_header_style":"","ocean_center_header_left_menu":"0","ocean_custom_header_template":"0","ocean_custom_logo":0,"ocean_custom_retina_logo":0,"ocean_custom_logo_max_width":0,"ocean_custom_logo_tablet_max_width":0,"ocean_custom_logo_mobile_max_width":0,"ocean_custom_logo_max_height":0,"ocean_custom_logo_tablet_max_height":0,"ocean_custom_logo_mobile_max_height":0,"ocean_header_custom_menu":"0","ocean_menu_typo_font_family":"0","ocean_menu_typo_font_subset":"","ocean_menu_typo_font_size":0,"ocean_menu_typo_font_size_tablet":0,"ocean_menu_typo_font_size_mobile":0,"ocean_menu_typo_font_size_unit":"px","ocean_menu_typo_font_weight":"","ocean_menu_typo_font_weight_tablet":"","ocean_menu_typo_font_weight_mobile":"","ocean_menu_typo_transform":"","ocean_menu_typo_transform_tablet":"","ocean_menu_typo_transform_mobile":"","ocean_menu_typo_line_height":0,"ocean_menu_typo_line_height_tablet":0,"ocean_menu_typo_line_height_mobile":0,"ocean_menu_typo_line_height_unit":"","ocean_menu_typo_spacing":0,"ocean_menu_typo_spacing_tablet":0,"ocean_menu_typo_spacing_mobile":0,"ocean_menu_typo_spacing_unit":"","ocean_menu_link_color":"","ocean_menu_link_color_hover":"","ocean_menu_link_color_active":"","ocean_menu_link_background":"","ocean_menu_link_hover_background":"","ocean_menu_link_active_background":"","ocean_menu_social_links_bg":"","ocean_menu_social_hover_links_bg":"","ocean_menu_social_links_color":"","ocean_menu_social_hover_links_color":"","ocean_disable_title":"default","ocean_disable_heading":"default","ocean_post_title":"","ocean_post_subheading":"","ocean_post_title_style":"","ocean_post_title_background_color":"","ocean_post_title_background":0,"ocean_post_title_bg_image_position":"","ocean_post_title_bg_image_attachment":"","ocean_post_title_bg_image_repeat":"","ocean_post_title_bg_image_size":"","ocean_post_title_height":0,"ocean_post_title_bg_overlay":0.5,"ocean_post_title_bg_overlay_color":"","ocean_disable_breadcrumbs":"default","ocean_breadcrumbs_color":"","ocean_breadcrumbs_separator_color":"","ocean_breadcrumbs_links_color":"","ocean_breadcrumbs_links_hover_color":"","ocean_display_footer_widgets":"default","ocean_display_footer_bottom":"default","ocean_custom_footer_template":"0","footnotes":""},"class_list":["post-2319","page","type-page","status-publish","hentry","entry"],"yoast_head":"<!-- This site is optimized with the Yoast SEO plugin v27.3 - https:\/\/yoast.com\/product\/yoast-seo-wordpress\/ -->\n<title>Info legali - Dandi srl<\/title>\n<meta name=\"robots\" content=\"index, follow, max-snippet:-1, max-image-preview:large, max-video-preview:-1\" \/>\n<link rel=\"canonical\" href=\"https:\/\/dandi-italia.com\/info-legali\/\" \/>\n<meta property=\"og:locale\" content=\"fr_FR\" \/>\n<meta property=\"og:type\" content=\"article\" \/>\n<meta property=\"og:title\" content=\"Info legali - Dandi srl\" \/>\n<meta property=\"og:description\" content=\"Raison sociale : DANDI SRL Si\u00e8ge social et d&rsquo;exploitation : Via Piave, 11, 30020 Annone Veneto VE Identifiant fiscal : Via Piave, 11, 30020 Annone Veneto VE N\u00b0 T.V.A. : 04465180273 N\u00b0 T.V.A. : 04465180273 BBureau Registre du commerce et des soci\u00e9t\u00e9s : R.E.A. (Economic and Administrative Index) no.: POLITIQUES ET CONSENTEMENTS DE L&rsquo;ENTREPRISE DANDI [&hellip;]\" \/>\n<meta property=\"og:url\" content=\"https:\/\/dandi-italia.com\/info-legali\/\" \/>\n<meta property=\"og:site_name\" content=\"Dandi srl\" \/>\n<meta property=\"article:modified_time\" content=\"2021-12-20T11:12:24+00:00\" \/>\n<meta name=\"twitter:card\" content=\"summary_large_image\" \/>\n<meta name=\"twitter:label1\" content=\"Dur\u00e9e de lecture estim\u00e9e\" \/>\n\t<meta name=\"twitter:data1\" content=\"2 minutes\" \/>\n<script type=\"application\/ld+json\" class=\"yoast-schema-graph\">{\"@context\":\"https:\\\/\\\/schema.org\",\"@graph\":[{\"@type\":\"WebPage\",\"@id\":\"https:\\\/\\\/dandi-italia.com\\\/info-legali\\\/\",\"url\":\"https:\\\/\\\/dandi-italia.com\\\/info-legali\\\/\",\"name\":\"Info legali - Dandi srl\",\"isPartOf\":{\"@id\":\"https:\\\/\\\/dandi-italia.com\\\/#website\"},\"datePublished\":\"2021-12-20T11:03:13+00:00\",\"dateModified\":\"2021-12-20T11:12:24+00:00\",\"breadcrumb\":{\"@id\":\"https:\\\/\\\/dandi-italia.com\\\/info-legali\\\/#breadcrumb\"},\"inLanguage\":\"fr-FR\",\"potentialAction\":[{\"@type\":\"ReadAction\",\"target\":[\"https:\\\/\\\/dandi-italia.com\\\/info-legali\\\/\"]}]},{\"@type\":\"BreadcrumbList\",\"@id\":\"https:\\\/\\\/dandi-italia.com\\\/info-legali\\\/#breadcrumb\",\"itemListElement\":[{\"@type\":\"ListItem\",\"position\":1,\"name\":\"Home\",\"item\":\"https:\\\/\\\/dandi-italia.com\\\/\"},{\"@type\":\"ListItem\",\"position\":2,\"name\":\"Info legali\"}]},{\"@type\":\"WebSite\",\"@id\":\"https:\\\/\\\/dandi-italia.com\\\/#website\",\"url\":\"https:\\\/\\\/dandi-italia.com\\\/\",\"name\":\"Dandi srl\",\"description\":\"\",\"publisher\":{\"@id\":\"https:\\\/\\\/dandi-italia.com\\\/#organization\"},\"potentialAction\":[{\"@type\":\"SearchAction\",\"target\":{\"@type\":\"EntryPoint\",\"urlTemplate\":\"https:\\\/\\\/dandi-italia.com\\\/?s={search_term_string}\"},\"query-input\":{\"@type\":\"PropertyValueSpecification\",\"valueRequired\":true,\"valueName\":\"search_term_string\"}}],\"inLanguage\":\"fr-FR\"},{\"@type\":\"Organization\",\"@id\":\"https:\\\/\\\/dandi-italia.com\\\/#organization\",\"name\":\"Dandi srl\",\"url\":\"https:\\\/\\\/dandi-italia.com\\\/\",\"logo\":{\"@type\":\"ImageObject\",\"inLanguage\":\"fr-FR\",\"@id\":\"https:\\\/\\\/dandi-italia.com\\\/#\\\/schema\\\/logo\\\/image\\\/\",\"url\":\"https:\\\/\\\/dandi-italia.com\\\/wp-content\\\/uploads\\\/2020\\\/03\\\/Dand\u00ec.png\",\"contentUrl\":\"https:\\\/\\\/dandi-italia.com\\\/wp-content\\\/uploads\\\/2020\\\/03\\\/Dand\u00ec.png\",\"width\":506,\"height\":134,\"caption\":\"Dandi srl\"},\"image\":{\"@id\":\"https:\\\/\\\/dandi-italia.com\\\/#\\\/schema\\\/logo\\\/image\\\/\"}}]}<\/script>\n<!-- \/ Yoast SEO plugin. -->","yoast_head_json":{"title":"Info legali - Dandi srl","robots":{"index":"index","follow":"follow","max-snippet":"max-snippet:-1","max-image-preview":"max-image-preview:large","max-video-preview":"max-video-preview:-1"},"canonical":"https:\/\/dandi-italia.com\/info-legali\/","og_locale":"fr_FR","og_type":"article","og_title":"Info legali - Dandi srl","og_description":"Raison sociale : DANDI SRL Si\u00e8ge social et d&rsquo;exploitation : Via Piave, 11, 30020 Annone Veneto VE Identifiant fiscal : Via Piave, 11, 30020 Annone Veneto VE N\u00b0 T.V.A. : 04465180273 N\u00b0 T.V.A. : 04465180273 BBureau Registre du commerce et des soci\u00e9t\u00e9s : R.E.A. (Economic and Administrative Index) no.: POLITIQUES ET CONSENTEMENTS DE L&rsquo;ENTREPRISE DANDI [&hellip;]","og_url":"https:\/\/dandi-italia.com\/info-legali\/","og_site_name":"Dandi srl","article_modified_time":"2021-12-20T11:12:24+00:00","twitter_card":"summary_large_image","twitter_misc":{"Dur\u00e9e de lecture estim\u00e9e":"2 minutes"},"schema":{"@context":"https:\/\/schema.org","@graph":[{"@type":"WebPage","@id":"https:\/\/dandi-italia.com\/info-legali\/","url":"https:\/\/dandi-italia.com\/info-legali\/","name":"Info legali - Dandi srl","isPartOf":{"@id":"https:\/\/dandi-italia.com\/#website"},"datePublished":"2021-12-20T11:03:13+00:00","dateModified":"2021-12-20T11:12:24+00:00","breadcrumb":{"@id":"https:\/\/dandi-italia.com\/info-legali\/#breadcrumb"},"inLanguage":"fr-FR","potentialAction":[{"@type":"ReadAction","target":["https:\/\/dandi-italia.com\/info-legali\/"]}]},{"@type":"BreadcrumbList","@id":"https:\/\/dandi-italia.com\/info-legali\/#breadcrumb","itemListElement":[{"@type":"ListItem","position":1,"name":"Home","item":"https:\/\/dandi-italia.com\/"},{"@type":"ListItem","position":2,"name":"Info legali"}]},{"@type":"WebSite","@id":"https:\/\/dandi-italia.com\/#website","url":"https:\/\/dandi-italia.com\/","name":"Dandi srl","description":"","publisher":{"@id":"https:\/\/dandi-italia.com\/#organization"},"potentialAction":[{"@type":"SearchAction","target":{"@type":"EntryPoint","urlTemplate":"https:\/\/dandi-italia.com\/?s={search_term_string}"},"query-input":{"@type":"PropertyValueSpecification","valueRequired":true,"valueName":"search_term_string"}}],"inLanguage":"fr-FR"},{"@type":"Organization","@id":"https:\/\/dandi-italia.com\/#organization","name":"Dandi srl","url":"https:\/\/dandi-italia.com\/","logo":{"@type":"ImageObject","inLanguage":"fr-FR","@id":"https:\/\/dandi-italia.com\/#\/schema\/logo\/image\/","url":"https:\/\/dandi-italia.com\/wp-content\/uploads\/2020\/03\/Dand\u00ec.png","contentUrl":"https:\/\/dandi-italia.com\/wp-content\/uploads\/2020\/03\/Dand\u00ec.png","width":506,"height":134,"caption":"Dandi srl"},"image":{"@id":"https:\/\/dandi-italia.com\/#\/schema\/logo\/image\/"}}]}},"_links":{"self":[{"href":"https:\/\/dandi-italia.com\/fr\/wp-json\/wp\/v2\/pages\/2319","targetHints":{"allow":["GET"]}}],"collection":[{"href":"https:\/\/dandi-italia.com\/fr\/wp-json\/wp\/v2\/pages"}],"about":[{"href":"https:\/\/dandi-italia.com\/fr\/wp-json\/wp\/v2\/types\/page"}],"author":[{"embeddable":true,"href":"https:\/\/dandi-italia.com\/fr\/wp-json\/wp\/v2\/users\/9"}],"replies":[{"embeddable":true,"href":"https:\/\/dandi-italia.com\/fr\/wp-json\/wp\/v2\/comments?post=2319"}],"version-history":[{"count":3,"href":"https:\/\/dandi-italia.com\/fr\/wp-json\/wp\/v2\/pages\/2319\/revisions"}],"predecessor-version":[{"id":2350,"href":"https:\/\/dandi-italia.com\/fr\/wp-json\/wp\/v2\/pages\/2319\/revisions\/2350"}],"wp:attachment":[{"href":"https:\/\/dandi-italia.com\/fr\/wp-json\/wp\/v2\/media?parent=2319"}],"curies":[{"name":"wp","href":"https:\/\/api.w.org\/{rel}","templated":true}]}}