{"id":2301,"date":"2021-12-20T11:47:39","date_gmt":"2021-12-20T10:47:39","guid":{"rendered":"https:\/\/dandi-italia.com\/vernissage-des-meubles\/"},"modified":"2025-02-13T10:04:18","modified_gmt":"2025-02-13T09:04:18","slug":"vernissage-des-meubles","status":"publish","type":"page","link":"https:\/\/dandi-italia.com\/fr\/vernissage-des-meubles\/","title":{"rendered":"VERNISSAGE DES MEUBLES"},"content":{"rendered":"\t\t<div data-elementor-type=\"wp-page\" data-elementor-id=\"2301\" class=\"elementor elementor-2301 elementor-762\" data-elementor-post-type=\"page\">\n\t\t\t\t\t\t<section class=\"elementor-section elementor-top-section elementor-element elementor-element-f0098f1 elementor-section-full_width elementor-section-height-min-height elementor-section-stretched elementor-section-height-default elementor-section-items-middle\" data-id=\"f0098f1\" data-element_type=\"section\" data-e-type=\"section\" data-settings=\"{&quot;background_background&quot;:&quot;slideshow&quot;,&quot;stretch_section&quot;:&quot;section-stretched&quot;,&quot;background_slideshow_gallery&quot;:[{&quot;id&quot;:333,&quot;url&quot;:&quot;https:\\\/\\\/dandi-italia.com\\\/wp-content\\\/uploads\\\/2020\\\/03\\\/0293_19_V02_SET_07_ZEN-1.jpg&quot;},{&quot;id&quot;:334,&quot;url&quot;:&quot;https:\\\/\\\/dandi-italia.com\\\/wp-content\\\/uploads\\\/2020\\\/03\\\/0365_19_V01_SET_11_SISTEMA-1.jpg&quot;}],&quot;background_slideshow_transition_duration&quot;:1500,&quot;background_slideshow_ken_burns&quot;:&quot;yes&quot;,&quot;background_slideshow_loop&quot;:&quot;yes&quot;,&quot;background_slideshow_slide_duration&quot;:5000,&quot;background_slideshow_slide_transition&quot;:&quot;fade&quot;,&quot;background_slideshow_ken_burns_zoom_direction&quot;:&quot;in&quot;}\">\n\t\t\t\t\t\t\t<div class=\"elementor-background-overlay\"><\/div>\n\t\t\t\t\t\t\t<div class=\"elementor-container elementor-column-gap-no\">\n\t\t\t\t\t<div class=\"elementor-column elementor-col-100 elementor-top-column elementor-element elementor-element-2bbfc1a\" data-id=\"2bbfc1a\" data-element_type=\"column\" data-e-type=\"column\">\n\t\t\t<div class=\"elementor-widget-wrap elementor-element-populated\">\n\t\t\t\t\t\t<section class=\"elementor-section elementor-inner-section elementor-element elementor-element-61140f7 elementor-section-boxed elementor-section-height-default elementor-section-height-default\" data-id=\"61140f7\" data-element_type=\"section\" data-e-type=\"section\">\n\t\t\t\t\t\t<div class=\"elementor-container elementor-column-gap-default\">\n\t\t\t\t\t<div class=\"elementor-column elementor-col-100 elementor-inner-column elementor-element elementor-element-36e998f\" data-id=\"36e998f\" data-element_type=\"column\" data-e-type=\"column\">\n\t\t\t<div class=\"elementor-widget-wrap elementor-element-populated\">\n\t\t\t\t\t\t<div class=\"elementor-element elementor-element-8ebe8fb elementor-widget elementor-widget-heading\" data-id=\"8ebe8fb\" data-element_type=\"widget\" data-e-type=\"widget\" data-widget_type=\"heading.default\">\n\t\t\t\t<div class=\"elementor-widget-container\">\n\t\t\t\t\t<h2 class=\"elementor-heading-title elementor-size-default\">VERNISSAGE DES MEUBLES<\/h2>\t\t\t\t<\/div>\n\t\t\t\t<\/div>\n\t\t\t\t\t<\/div>\n\t\t<\/div>\n\t\t\t\t\t<\/div>\n\t\t<\/section>\n\t\t\t\t\t<\/div>\n\t\t<\/div>\n\t\t\t\t\t<\/div>\n\t\t<\/section>\n\t\t\t\t<section class=\"elementor-section elementor-top-section elementor-element elementor-element-5e236c4 elementor-section-full_width elementor-section-height-default elementor-section-height-default\" data-id=\"5e236c4\" data-element_type=\"section\" data-e-type=\"section\" data-settings=\"{&quot;background_background&quot;:&quot;classic&quot;}\">\n\t\t\t\t\t\t<div class=\"elementor-container elementor-column-gap-no\">\n\t\t\t\t\t<div class=\"elementor-column elementor-col-100 elementor-top-column elementor-element elementor-element-38080b2\" data-id=\"38080b2\" data-element_type=\"column\" data-e-type=\"column\">\n\t\t\t<div class=\"elementor-widget-wrap elementor-element-populated\">\n\t\t\t\t\t\t<section class=\"elementor-section elementor-inner-section elementor-element elementor-element-4f54645 elementor-section-boxed elementor-section-height-default elementor-section-height-default\" data-id=\"4f54645\" data-element_type=\"section\" data-e-type=\"section\">\n\t\t\t\t\t\t<div class=\"elementor-container elementor-column-gap-default\">\n\t\t\t\t\t<div class=\"elementor-column elementor-col-100 elementor-inner-column elementor-element elementor-element-56c1624\" data-id=\"56c1624\" data-element_type=\"column\" data-e-type=\"column\">\n\t\t\t<div class=\"elementor-widget-wrap elementor-element-populated\">\n\t\t\t\t\t\t<div class=\"elementor-element elementor-element-d379139 elementor-widget elementor-widget-heading\" data-id=\"d379139\" data-element_type=\"widget\" data-e-type=\"widget\" data-widget_type=\"heading.default\">\n\t\t\t\t<div class=\"elementor-widget-container\">\n\t\t\t\t\t<h1 class=\"elementor-heading-title elementor-size-default\"> <span>VERNISSAGE<\/span> DES MEUBLES<\/h1>\t\t\t\t<\/div>\n\t\t\t\t<\/div>\n\t\t\t\t<div class=\"elementor-element elementor-element-0f4ff11 elementor-widget elementor-widget-text-editor\" data-id=\"0f4ff11\" data-element_type=\"widget\" data-e-type=\"widget\" data-widget_type=\"text-editor.default\">\n\t\t\t\t<div class=\"elementor-widget-container\">\n\t\t\t\t\t\t\t\t\t<p>Selon les exigences du client, nous nous occupons de la production et du laquage des composants pour meubles, du bois jusqu\u2019au m\u00e9tal, du MDF au plastique<\/p>\n\t\t\t\t\t\t\t\t<\/div>\n\t\t\t\t<\/div>\n\t\t\t\t\t<\/div>\n\t\t<\/div>\n\t\t\t\t\t<\/div>\n\t\t<\/section>\n\t\t\t\t\t<\/div>\n\t\t<\/div>\n\t\t\t\t\t<\/div>\n\t\t<\/section>\n\t\t\t\t<section class=\"elementor-section elementor-top-section elementor-element elementor-element-1d8a16b elementor-section-full_width elementor-section-height-default elementor-section-height-default\" data-id=\"1d8a16b\" data-element_type=\"section\" data-e-type=\"section\" data-settings=\"{&quot;background_background&quot;:&quot;classic&quot;}\">\n\t\t\t\t\t\t<div class=\"elementor-container elementor-column-gap-no\">\n\t\t\t\t\t<div class=\"elementor-column elementor-col-100 elementor-top-column elementor-element elementor-element-be2f6f7\" data-id=\"be2f6f7\" data-element_type=\"column\" data-e-type=\"column\">\n\t\t\t<div class=\"elementor-widget-wrap elementor-element-populated\">\n\t\t\t\t\t\t<section class=\"elementor-section elementor-inner-section elementor-element elementor-element-aca50a1 elementor-section-boxed elementor-section-height-default elementor-section-height-default\" data-id=\"aca50a1\" data-element_type=\"section\" data-e-type=\"section\">\n\t\t\t\t\t\t<div class=\"elementor-container elementor-column-gap-default\">\n\t\t\t\t\t<div class=\"elementor-column elementor-col-100 elementor-inner-column elementor-element elementor-element-b316b74\" data-id=\"b316b74\" data-element_type=\"column\" data-e-type=\"column\">\n\t\t\t<div class=\"elementor-widget-wrap elementor-element-populated\">\n\t\t\t\t\t\t<div class=\"elementor-element elementor-element-8f57f72 elementor-widget elementor-widget-heading\" data-id=\"8f57f72\" data-element_type=\"widget\" data-e-type=\"widget\" data-widget_type=\"heading.default\">\n\t\t\t\t<div class=\"elementor-widget-container\">\n\t\t\t\t\t<h2 class=\"elementor-heading-title elementor-size-default\"><p class=\"large\">27<\/p>FINITIONS <span>CATALOGUE<\/span><\/h2>\t\t\t\t<\/div>\n\t\t\t\t<\/div>\n\t\t\t\t<div class=\"elementor-element elementor-element-2808a62 elementor-widget elementor-widget-text-editor\" data-id=\"2808a62\" data-element_type=\"widget\" data-e-type=\"widget\" data-widget_type=\"text-editor.default\">\n\t\t\t\t<div class=\"elementor-widget-container\">\n\t\t\t\t\t\t\t\t\tLes finitions meubles personnalis\u00e9es sont id\u00e9ales pour qui d\u00e9sire un produit unique, au charme insolite et suggestif. \u00c1 la demande du client nous cr\u00e9ons des finitions avec des effets sp\u00e9ciaux : gr\u00e2ce aux effets d\u2019optiques ou tactiles, l\u2019aspect de la surface change d\u2019apparence, donnant une nouvelle forme \u00e0 la couleur ou \u00e0 la mati\u00e8re, pour un r\u00e9sultat vraiment extraordinaire.\t\t\t\t\t\t\t\t<\/div>\n\t\t\t\t<\/div>\n\t\t\t\t<div class=\"elementor-element elementor-element-e8c0409 pulsante elementor-widget elementor-widget-eael-creative-button\" data-id=\"e8c0409\" data-element_type=\"widget\" data-e-type=\"widget\" data-widget_type=\"eael-creative-button.default\">\n\t\t\t\t<div class=\"elementor-widget-container\">\n\t\t\t\t\t        <div class=\"eael-creative-button-wrapper\">\n\n            <a class=\"eael-creative-button eael-creative-button--winona eael-cb-icon-position-\" href=\"https:\/\/dandi-italia.com\/fr\/finitions\/\" data-text=\"en savoir plus!\">\n            \t    \n                <div class=\"creative-button-inner\">\n\n                    \n                    <span class=\"cretive-button-text\">NOTRE NUANCIER<\/span>\n\n                                    <\/div>\n\t                        <\/a>\n        <\/div>\n        \t\t\t\t<\/div>\n\t\t\t\t<\/div>\n\t\t\t\t\t<\/div>\n\t\t<\/div>\n\t\t\t\t\t<\/div>\n\t\t<\/section>\n\t\t\t\t\t<\/div>\n\t\t<\/div>\n\t\t\t\t\t<\/div>\n\t\t<\/section>\n\t\t\t\t<\/div>\n\t\t","protected":false},"excerpt":{"rendered":"<p>VERNISSAGE DES MEUBLES Selon les exigences du client, nous nous occupons de la production et du laquage des composants pour meubles, du bois jusqu\u2019au m\u00e9tal, du MDF au plastique 27 FINITIONS CATALOGUE Les finitions meubles personnalis\u00e9es sont id\u00e9ales pour qui d\u00e9sire un produit unique, au charme insolite et suggestif. \u00c1 la demande du client nous [&hellip;]<\/p>\n","protected":false},"author":9,"featured_media":0,"parent":0,"menu_order":0,"comment_status":"closed","ping_status":"closed","template":"elementor_header_footer","meta":{"ocean_post_layout":"","ocean_both_sidebars_style":"","ocean_both_sidebars_content_width":0,"ocean_both_sidebars_sidebars_width":0,"ocean_sidebar":"0","ocean_second_sidebar":"0","ocean_disable_margins":"enable","ocean_add_body_class":"","ocean_shortcode_before_top_bar":"","ocean_shortcode_after_top_bar":"","ocean_shortcode_before_header":"","ocean_shortcode_after_header":"","ocean_has_shortcode":"","ocean_shortcode_after_title":"","ocean_shortcode_before_footer_widgets":"","ocean_shortcode_after_footer_widgets":"","ocean_shortcode_before_footer_bottom":"","ocean_shortcode_after_footer_bottom":"","ocean_display_top_bar":"default","ocean_display_header":"default","ocean_header_style":"","ocean_center_header_left_menu":"0","ocean_custom_header_template":"0","ocean_custom_logo":0,"ocean_custom_retina_logo":0,"ocean_custom_logo_max_width":0,"ocean_custom_logo_tablet_max_width":0,"ocean_custom_logo_mobile_max_width":0,"ocean_custom_logo_max_height":0,"ocean_custom_logo_tablet_max_height":0,"ocean_custom_logo_mobile_max_height":0,"ocean_header_custom_menu":"0","ocean_menu_typo_font_family":"0","ocean_menu_typo_font_subset":"","ocean_menu_typo_font_size":0,"ocean_menu_typo_font_size_tablet":0,"ocean_menu_typo_font_size_mobile":0,"ocean_menu_typo_font_size_unit":"px","ocean_menu_typo_font_weight":"","ocean_menu_typo_font_weight_tablet":"","ocean_menu_typo_font_weight_mobile":"","ocean_menu_typo_transform":"","ocean_menu_typo_transform_tablet":"","ocean_menu_typo_transform_mobile":"","ocean_menu_typo_line_height":0,"ocean_menu_typo_line_height_tablet":0,"ocean_menu_typo_line_height_mobile":0,"ocean_menu_typo_line_height_unit":"","ocean_menu_typo_spacing":0,"ocean_menu_typo_spacing_tablet":0,"ocean_menu_typo_spacing_mobile":0,"ocean_menu_typo_spacing_unit":"","ocean_menu_link_color":"","ocean_menu_link_color_hover":"","ocean_menu_link_color_active":"","ocean_menu_link_background":"","ocean_menu_link_hover_background":"","ocean_menu_link_active_background":"","ocean_menu_social_links_bg":"","ocean_menu_social_hover_links_bg":"","ocean_menu_social_links_color":"","ocean_menu_social_hover_links_color":"","ocean_disable_title":"default","ocean_disable_heading":"default","ocean_post_title":"","ocean_post_subheading":"","ocean_post_title_style":"","ocean_post_title_background_color":"","ocean_post_title_background":0,"ocean_post_title_bg_image_position":"","ocean_post_title_bg_image_attachment":"","ocean_post_title_bg_image_repeat":"","ocean_post_title_bg_image_size":"","ocean_post_title_height":0,"ocean_post_title_bg_overlay":0.5,"ocean_post_title_bg_overlay_color":"","ocean_disable_breadcrumbs":"default","ocean_breadcrumbs_color":"","ocean_breadcrumbs_separator_color":"","ocean_breadcrumbs_links_color":"","ocean_breadcrumbs_links_hover_color":"","ocean_display_footer_widgets":"default","ocean_display_footer_bottom":"default","ocean_custom_footer_template":"0","footnotes":""},"class_list":["post-2301","page","type-page","status-publish","hentry","entry"],"yoast_head":"<!-- This site is optimized with the Yoast SEO plugin v27.4 - https:\/\/yoast.com\/product\/yoast-seo-wordpress\/ -->\n<title>Dand\u00ec, laquage et vernissage de meubles en bois<\/title>\n<meta name=\"description\" content=\"Dand\u00ec, entreprise de Annone Veneto, s\u2019occupe du laquage des composants d\u2019ameublement, quel que soit le mat\u00e9riau, et du vernissage des meubles en bois.\" \/>\n<meta name=\"robots\" content=\"index, follow, max-snippet:-1, max-image-preview:large, max-video-preview:-1\" \/>\n<link rel=\"canonical\" href=\"https:\/\/dandi-italia.com\/verniciatura-mobili\/\" \/>\n<meta property=\"og:locale\" content=\"fr_FR\" \/>\n<meta property=\"og:type\" content=\"article\" \/>\n<meta property=\"og:title\" content=\"Dand\u00ec, laquage et vernissage de meubles en bois\" \/>\n<meta property=\"og:description\" content=\"Dand\u00ec, entreprise de Annone Veneto, s\u2019occupe du laquage des composants d\u2019ameublement, quel que soit le mat\u00e9riau, et du vernissage des meubles en bois.\" \/>\n<meta property=\"og:url\" content=\"https:\/\/dandi-italia.com\/verniciatura-mobili\/\" \/>\n<meta property=\"og:site_name\" content=\"Dandi srl\" \/>\n<meta property=\"article:modified_time\" content=\"2025-02-13T09:04:18+00:00\" \/>\n<meta name=\"twitter:card\" content=\"summary_large_image\" \/>\n<meta name=\"twitter:label1\" content=\"Dur\u00e9e de lecture estim\u00e9e\" \/>\n\t<meta name=\"twitter:data1\" content=\"1 minute\" \/>\n<script type=\"application\/ld+json\" class=\"yoast-schema-graph\">{\"@context\":\"https:\\\/\\\/schema.org\",\"@graph\":[{\"@type\":\"WebPage\",\"@id\":\"https:\\\/\\\/dandi-italia.com\\\/verniciatura-mobili\\\/\",\"url\":\"https:\\\/\\\/dandi-italia.com\\\/verniciatura-mobili\\\/\",\"name\":\"Dand\u00ec, laquage et vernissage de meubles en bois\",\"isPartOf\":{\"@id\":\"https:\\\/\\\/dandi-italia.com\\\/#website\"},\"datePublished\":\"2021-12-20T10:47:39+00:00\",\"dateModified\":\"2025-02-13T09:04:18+00:00\",\"description\":\"Dand\u00ec, entreprise de Annone Veneto, s\u2019occupe du laquage des composants d\u2019ameublement, quel que soit le mat\u00e9riau, et du vernissage des meubles en bois.\",\"breadcrumb\":{\"@id\":\"https:\\\/\\\/dandi-italia.com\\\/verniciatura-mobili\\\/#breadcrumb\"},\"inLanguage\":\"fr-FR\",\"potentialAction\":[{\"@type\":\"ReadAction\",\"target\":[\"https:\\\/\\\/dandi-italia.com\\\/verniciatura-mobili\\\/\"]}]},{\"@type\":\"BreadcrumbList\",\"@id\":\"https:\\\/\\\/dandi-italia.com\\\/verniciatura-mobili\\\/#breadcrumb\",\"itemListElement\":[{\"@type\":\"ListItem\",\"position\":1,\"name\":\"Home\",\"item\":\"https:\\\/\\\/dandi-italia.com\\\/\"},{\"@type\":\"ListItem\",\"position\":2,\"name\":\"VERNISSAGE DES MEUBLES\"}]},{\"@type\":\"WebSite\",\"@id\":\"https:\\\/\\\/dandi-italia.com\\\/#website\",\"url\":\"https:\\\/\\\/dandi-italia.com\\\/\",\"name\":\"Dandi srl\",\"description\":\"\",\"publisher\":{\"@id\":\"https:\\\/\\\/dandi-italia.com\\\/#organization\"},\"potentialAction\":[{\"@type\":\"SearchAction\",\"target\":{\"@type\":\"EntryPoint\",\"urlTemplate\":\"https:\\\/\\\/dandi-italia.com\\\/?s={search_term_string}\"},\"query-input\":{\"@type\":\"PropertyValueSpecification\",\"valueRequired\":true,\"valueName\":\"search_term_string\"}}],\"inLanguage\":\"fr-FR\"},{\"@type\":\"Organization\",\"@id\":\"https:\\\/\\\/dandi-italia.com\\\/#organization\",\"name\":\"Dandi srl\",\"url\":\"https:\\\/\\\/dandi-italia.com\\\/\",\"logo\":{\"@type\":\"ImageObject\",\"inLanguage\":\"fr-FR\",\"@id\":\"https:\\\/\\\/dandi-italia.com\\\/#\\\/schema\\\/logo\\\/image\\\/\",\"url\":\"https:\\\/\\\/dandi-italia.com\\\/wp-content\\\/uploads\\\/2020\\\/03\\\/Dand\u00ec.png\",\"contentUrl\":\"https:\\\/\\\/dandi-italia.com\\\/wp-content\\\/uploads\\\/2020\\\/03\\\/Dand\u00ec.png\",\"width\":506,\"height\":134,\"caption\":\"Dandi srl\"},\"image\":{\"@id\":\"https:\\\/\\\/dandi-italia.com\\\/#\\\/schema\\\/logo\\\/image\\\/\"}}]}<\/script>\n<!-- \/ Yoast SEO plugin. -->","yoast_head_json":{"title":"Dand\u00ec, laquage et vernissage de meubles en bois","description":"Dand\u00ec, entreprise de Annone Veneto, s\u2019occupe du laquage des composants d\u2019ameublement, quel que soit le mat\u00e9riau, et du vernissage des meubles en bois.","robots":{"index":"index","follow":"follow","max-snippet":"max-snippet:-1","max-image-preview":"max-image-preview:large","max-video-preview":"max-video-preview:-1"},"canonical":"https:\/\/dandi-italia.com\/verniciatura-mobili\/","og_locale":"fr_FR","og_type":"article","og_title":"Dand\u00ec, laquage et vernissage de meubles en bois","og_description":"Dand\u00ec, entreprise de Annone Veneto, s\u2019occupe du laquage des composants d\u2019ameublement, quel que soit le mat\u00e9riau, et du vernissage des meubles en bois.","og_url":"https:\/\/dandi-italia.com\/verniciatura-mobili\/","og_site_name":"Dandi srl","article_modified_time":"2025-02-13T09:04:18+00:00","twitter_card":"summary_large_image","twitter_misc":{"Dur\u00e9e de lecture estim\u00e9e":"1 minute"},"schema":{"@context":"https:\/\/schema.org","@graph":[{"@type":"WebPage","@id":"https:\/\/dandi-italia.com\/verniciatura-mobili\/","url":"https:\/\/dandi-italia.com\/verniciatura-mobili\/","name":"Dand\u00ec, laquage et vernissage de meubles en bois","isPartOf":{"@id":"https:\/\/dandi-italia.com\/#website"},"datePublished":"2021-12-20T10:47:39+00:00","dateModified":"2025-02-13T09:04:18+00:00","description":"Dand\u00ec, entreprise de Annone Veneto, s\u2019occupe du laquage des composants d\u2019ameublement, quel que soit le mat\u00e9riau, et du vernissage des meubles en bois.","breadcrumb":{"@id":"https:\/\/dandi-italia.com\/verniciatura-mobili\/#breadcrumb"},"inLanguage":"fr-FR","potentialAction":[{"@type":"ReadAction","target":["https:\/\/dandi-italia.com\/verniciatura-mobili\/"]}]},{"@type":"BreadcrumbList","@id":"https:\/\/dandi-italia.com\/verniciatura-mobili\/#breadcrumb","itemListElement":[{"@type":"ListItem","position":1,"name":"Home","item":"https:\/\/dandi-italia.com\/"},{"@type":"ListItem","position":2,"name":"VERNISSAGE DES MEUBLES"}]},{"@type":"WebSite","@id":"https:\/\/dandi-italia.com\/#website","url":"https:\/\/dandi-italia.com\/","name":"Dandi srl","description":"","publisher":{"@id":"https:\/\/dandi-italia.com\/#organization"},"potentialAction":[{"@type":"SearchAction","target":{"@type":"EntryPoint","urlTemplate":"https:\/\/dandi-italia.com\/?s={search_term_string}"},"query-input":{"@type":"PropertyValueSpecification","valueRequired":true,"valueName":"search_term_string"}}],"inLanguage":"fr-FR"},{"@type":"Organization","@id":"https:\/\/dandi-italia.com\/#organization","name":"Dandi srl","url":"https:\/\/dandi-italia.com\/","logo":{"@type":"ImageObject","inLanguage":"fr-FR","@id":"https:\/\/dandi-italia.com\/#\/schema\/logo\/image\/","url":"https:\/\/dandi-italia.com\/wp-content\/uploads\/2020\/03\/Dand\u00ec.png","contentUrl":"https:\/\/dandi-italia.com\/wp-content\/uploads\/2020\/03\/Dand\u00ec.png","width":506,"height":134,"caption":"Dandi srl"},"image":{"@id":"https:\/\/dandi-italia.com\/#\/schema\/logo\/image\/"}}]}},"_links":{"self":[{"href":"https:\/\/dandi-italia.com\/fr\/wp-json\/wp\/v2\/pages\/2301","targetHints":{"allow":["GET"]}}],"collection":[{"href":"https:\/\/dandi-italia.com\/fr\/wp-json\/wp\/v2\/pages"}],"about":[{"href":"https:\/\/dandi-italia.com\/fr\/wp-json\/wp\/v2\/types\/page"}],"author":[{"embeddable":true,"href":"https:\/\/dandi-italia.com\/fr\/wp-json\/wp\/v2\/users\/9"}],"replies":[{"embeddable":true,"href":"https:\/\/dandi-italia.com\/fr\/wp-json\/wp\/v2\/comments?post=2301"}],"version-history":[{"count":2,"href":"https:\/\/dandi-italia.com\/fr\/wp-json\/wp\/v2\/pages\/2301\/revisions"}],"predecessor-version":[{"id":5822,"href":"https:\/\/dandi-italia.com\/fr\/wp-json\/wp\/v2\/pages\/2301\/revisions\/5822"}],"wp:attachment":[{"href":"https:\/\/dandi-italia.com\/fr\/wp-json\/wp\/v2\/media?parent=2301"}],"curies":[{"name":"wp","href":"https:\/\/api.w.org\/{rel}","templated":true}]}}