{"id":5131,"date":"2024-12-04T09:08:38","date_gmt":"2024-12-04T08:08:38","guid":{"rendered":"https:\/\/dandi-italia.com\/rechtliche-hinweise\/"},"modified":"2024-12-04T09:08:39","modified_gmt":"2024-12-04T08:08:39","slug":"rechtliche-hinweise","status":"publish","type":"page","link":"https:\/\/dandi-italia.com\/de\/rechtliche-hinweise\/","title":{"rendered":"Rechtliche Hinweise"},"content":{"rendered":"\t\t<div data-elementor-type=\"wp-page\" data-elementor-id=\"5131\" class=\"elementor elementor-5131 elementor-485\" data-elementor-post-type=\"page\">\n\t\t\t\t\t\t<section class=\"elementor-section elementor-top-section elementor-element elementor-element-f6f1f46 elementor-section-full_width elementor-section-height-min-height elementor-section-stretched elementor-section-height-default elementor-section-items-middle\" data-id=\"f6f1f46\" data-element_type=\"section\" data-e-type=\"section\" data-settings=\"{&quot;background_background&quot;:&quot;slideshow&quot;,&quot;stretch_section&quot;:&quot;section-stretched&quot;,&quot;background_slideshow_gallery&quot;:[{&quot;id&quot;:333,&quot;url&quot;:&quot;https:\\\/\\\/dandi-italia.com\\\/wp-content\\\/uploads\\\/2020\\\/03\\\/0293_19_V02_SET_07_ZEN-1.jpg&quot;},{&quot;id&quot;:334,&quot;url&quot;:&quot;https:\\\/\\\/dandi-italia.com\\\/wp-content\\\/uploads\\\/2020\\\/03\\\/0365_19_V01_SET_11_SISTEMA-1.jpg&quot;},{&quot;id&quot;:412,&quot;url&quot;:&quot;https:\\\/\\\/dandi-italia.com\\\/wp-content\\\/uploads\\\/2020\\\/03\\\/eccimeri-dandi.jpg&quot;}],&quot;background_slideshow_transition_duration&quot;:1500,&quot;background_slideshow_ken_burns&quot;:&quot;yes&quot;,&quot;background_slideshow_loop&quot;:&quot;yes&quot;,&quot;background_slideshow_slide_duration&quot;:5000,&quot;background_slideshow_slide_transition&quot;:&quot;fade&quot;,&quot;background_slideshow_ken_burns_zoom_direction&quot;:&quot;in&quot;}\">\n\t\t\t\t\t\t\t<div class=\"elementor-background-overlay\"><\/div>\n\t\t\t\t\t\t\t<div class=\"elementor-container elementor-column-gap-no\">\n\t\t\t\t\t<div class=\"elementor-column elementor-col-100 elementor-top-column elementor-element elementor-element-f1e620f\" data-id=\"f1e620f\" data-element_type=\"column\" data-e-type=\"column\">\n\t\t\t<div class=\"elementor-widget-wrap elementor-element-populated\">\n\t\t\t\t\t\t<section class=\"elementor-section elementor-inner-section elementor-element elementor-element-751086e elementor-section-boxed elementor-section-height-default elementor-section-height-default\" data-id=\"751086e\" data-element_type=\"section\" data-e-type=\"section\">\n\t\t\t\t\t\t<div class=\"elementor-container elementor-column-gap-default\">\n\t\t\t\t\t<div class=\"elementor-column elementor-col-100 elementor-inner-column elementor-element elementor-element-bf4b0c7\" data-id=\"bf4b0c7\" data-element_type=\"column\" data-e-type=\"column\">\n\t\t\t<div class=\"elementor-widget-wrap elementor-element-populated\">\n\t\t\t\t\t\t<div class=\"elementor-element elementor-element-0ce2938 elementor-widget elementor-widget-heading\" data-id=\"0ce2938\" data-element_type=\"widget\" data-e-type=\"widget\" data-widget_type=\"heading.default\">\n\t\t\t\t<div class=\"elementor-widget-container\">\n\t\t\t\t\t<h2 class=\"elementor-heading-title elementor-size-default\">Rechtliche Hinweise<\/h2>\t\t\t\t<\/div>\n\t\t\t\t<\/div>\n\t\t\t\t\t<\/div>\n\t\t<\/div>\n\t\t\t\t\t<\/div>\n\t\t<\/section>\n\t\t\t\t\t<\/div>\n\t\t<\/div>\n\t\t\t\t\t<\/div>\n\t\t<\/section>\n\t\t\t\t<section class=\"elementor-section elementor-top-section elementor-element elementor-element-e1123d8 elementor-section-boxed elementor-section-height-default elementor-section-height-default\" data-id=\"e1123d8\" data-element_type=\"section\" data-e-type=\"section\" data-settings=\"{&quot;background_background&quot;:&quot;classic&quot;}\">\n\t\t\t\t\t\t<div class=\"elementor-container elementor-column-gap-default\">\n\t\t\t\t\t<div class=\"elementor-column elementor-col-100 elementor-top-column elementor-element elementor-element-3cafabe\" data-id=\"3cafabe\" data-element_type=\"column\" data-e-type=\"column\">\n\t\t\t<div class=\"elementor-widget-wrap elementor-element-populated\">\n\t\t\t\t\t\t<div class=\"elementor-element elementor-element-44226f3 elementor-widget elementor-widget-text-editor\" data-id=\"44226f3\" data-element_type=\"widget\" data-e-type=\"widget\" data-widget_type=\"text-editor.default\">\n\t\t\t\t<div class=\"elementor-widget-container\">\n\t\t\t\t\t\t\t\t\t<p><strong>UNTERNEHMENSDATEN<\/strong><\/p>\n<p>Name des Unternehmens: DANDI SRL<br \/>\nEingetragener Sitz: Via Piave, 11, 30020 Annone Veneto VE<br \/>\nOperativer Hauptsitz: Via Piave, 11, 30020 Annone Veneto VE<br \/>\nSteuergesetzbuch: 04465180273<br \/>\nUSt-IdNr. 04465180273<br \/>\nFirmenbuchamt:<br \/>\nR.E.A.:<\/p>\n<p><strong>UNTERNEHMENSINFORMATIONEN UND ZUSTIMMUNGEN<\/strong><\/p>\n<p><strong>DANDI SRL<\/strong><\/p>\n<p><a href=\"https:\/\/dandi-italia.com\/privacy-policy\/\" target=\"_blank\" rel=\"noopener\">Website-Datenschutzerkl\u00e4rung\u00a0<em>(<\/em>https:\/\/dandi-italia.com\/privacy-policy)<br \/>\n<\/a><a href=\"https:\/\/dandi-italia.com\/de\/cookies-policy\/\" target=\"_blank\" rel=\"noopener\"><strong><u>Website Cookie-Richtlinie\u00a0<\/u><\/strong><em>(<\/em>https:\/\/dandi-italia.com\/cookies-policy)<\/a><\/p>\n<p><strong>HINWEISE ZUM URHEBERRECHT UND ZUR MARKE<\/strong><\/p>\n<p>Der gesamte Inhalt dieser Website ist urheberrechtlich gesch\u00fctzt (Copyright \u00a9) 2020 von DANDI SRL oder seinen Lieferanten. Alle Rechte sind den Eigent\u00fcmern in \u00dcbereinstimmung mit dem Gesetz vorbehalten.<br \/>\nGem\u00e4\u00df Artikel 1 Absatz 1 der Gesetzesverordnung Nr. 72 vom 22. M\u00e4rz 2004, ge\u00e4ndert durch das Umsetzungsgesetz Nr. 128 vom 21. Mai 2004, erf\u00fcllen die Werke auf dieser Website die Verpflichtungen, die sich aus den Rechtsvorschriften zum Urheberrecht und den verwandten Schutzrechten ergeben.<br \/>\nDie Vervielf\u00e4ltigung, die \u00f6ffentliche Wiedergabe, die \u00f6ffentliche Zug\u00e4nglichmachung, die Vermietung und der Verleih, die \u00f6ffentliche Auff\u00fchrung und die Verbreitung ohne die Genehmigung des Rechteinhabers sind verboten.<br \/>\nZuwiderhandlungen werden mit den in den Artikeln 171, 171-bis, 171-ter, 174-bis und 174-ter des Gesetzes 633\/1941 vorgesehenen Sanktionen geahndet.<br \/>\nGem\u00e4\u00df Artikel 5 des Gesetzes 633 vom 22. April 1941 \u00fcber den Schutz des Urheberrechts sind die Texte von Amtshandlungen des Staates und der \u00f6ffentlichen Verwaltungen, sowohl in Italien als auch im Ausland, nicht urheberrechtlich gesch\u00fctzt.<\/p>\n<p>Das angegebene Urheberrecht bezieht sich auf die Bearbeitung und die Form der Darstellung der Texte selbst.<\/p>\n<p>Behauptete Urheberrechtsverletzungen<\/p>\n<p>Solche Meldungen m\u00fcssen schriftlich erfolgen und an den benannten Vertreter von DANDI SRL unter folgender Adresse, Faxnummer oder E-Mail-Adresse geschickt werden:<\/p>\n<p><strong>Name des Unternehmens: DANDI SRL<\/strong><br \/>\nEingetragener Sitz: Via Piave, 11, 30020 Annone Veneto VE<br \/>\nOperativer Hauptsitz: Via Piave, 11, 30020 Annone Veneto VE<br \/>\nTel: 0422 1786019 \u2013 Fax:<br \/>\neM.\u00a0<a href=\"mailto:info@dandisrl.com\">info@dandisrl.com<\/a><\/p>\n\t\t\t\t\t\t\t\t<\/div>\n\t\t\t\t<\/div>\n\t\t\t\t\t<\/div>\n\t\t<\/div>\n\t\t\t\t\t<\/div>\n\t\t<\/section>\n\t\t\t\t<\/div>\n\t\t","protected":false},"excerpt":{"rendered":"<p>UNTERNEHMENSDATEN Name des Unternehmens: DANDI SRL Eingetragener Sitz: Via Piave, 11, 30020 Annone Veneto VE Operativer Hauptsitz: Via Piave, 11, 30020 Annone Veneto VE Steuergesetzbuch: 04465180273 USt-IdNr. 04465180273 Firmenbuchamt: R.E.A.: UNTERNEHMENSINFORMATIONEN UND ZUSTIMMUNGEN DANDI SRL Website-Datenschutzerkl\u00e4rung\u00a0(https:\/\/dandi-italia.com\/privacy-policy) Website Cookie-Richtlinie\u00a0(https:\/\/dandi-italia.com\/cookies-policy) HINWEISE ZUM URHEBERRECHT UND ZUR MARKE Der gesamte Inhalt dieser Website ist urheberrechtlich gesch\u00fctzt (Copyright \u00a9) 2020 [&hellip;]<\/p>\n","protected":false},"author":9,"featured_media":0,"parent":0,"menu_order":0,"comment_status":"closed","ping_status":"closed","template":"elementor_header_footer","meta":{"ocean_post_layout":"","ocean_both_sidebars_style":"","ocean_both_sidebars_content_width":0,"ocean_both_sidebars_sidebars_width":0,"ocean_sidebar":"0","ocean_second_sidebar":"0","ocean_disable_margins":"enable","ocean_add_body_class":"","ocean_shortcode_before_top_bar":"","ocean_shortcode_after_top_bar":"","ocean_shortcode_before_header":"","ocean_shortcode_after_header":"","ocean_has_shortcode":"","ocean_shortcode_after_title":"","ocean_shortcode_before_footer_widgets":"","ocean_shortcode_after_footer_widgets":"","ocean_shortcode_before_footer_bottom":"","ocean_shortcode_after_footer_bottom":"","ocean_display_top_bar":"default","ocean_display_header":"default","ocean_header_style":"","ocean_center_header_left_menu":"0","ocean_custom_header_template":"0","ocean_custom_logo":0,"ocean_custom_retina_logo":0,"ocean_custom_logo_max_width":0,"ocean_custom_logo_tablet_max_width":0,"ocean_custom_logo_mobile_max_width":0,"ocean_custom_logo_max_height":0,"ocean_custom_logo_tablet_max_height":0,"ocean_custom_logo_mobile_max_height":0,"ocean_header_custom_menu":"0","ocean_menu_typo_font_family":"0","ocean_menu_typo_font_subset":"","ocean_menu_typo_font_size":0,"ocean_menu_typo_font_size_tablet":0,"ocean_menu_typo_font_size_mobile":0,"ocean_menu_typo_font_size_unit":"px","ocean_menu_typo_font_weight":"","ocean_menu_typo_font_weight_tablet":"","ocean_menu_typo_font_weight_mobile":"","ocean_menu_typo_transform":"","ocean_menu_typo_transform_tablet":"","ocean_menu_typo_transform_mobile":"","ocean_menu_typo_line_height":0,"ocean_menu_typo_line_height_tablet":0,"ocean_menu_typo_line_height_mobile":0,"ocean_menu_typo_line_height_unit":"","ocean_menu_typo_spacing":0,"ocean_menu_typo_spacing_tablet":0,"ocean_menu_typo_spacing_mobile":0,"ocean_menu_typo_spacing_unit":"","ocean_menu_link_color":"","ocean_menu_link_color_hover":"","ocean_menu_link_color_active":"","ocean_menu_link_background":"","ocean_menu_link_hover_background":"","ocean_menu_link_active_background":"","ocean_menu_social_links_bg":"","ocean_menu_social_hover_links_bg":"","ocean_menu_social_links_color":"","ocean_menu_social_hover_links_color":"","ocean_disable_title":"default","ocean_disable_heading":"default","ocean_post_title":"","ocean_post_subheading":"","ocean_post_title_style":"","ocean_post_title_background_color":"","ocean_post_title_background":0,"ocean_post_title_bg_image_position":"","ocean_post_title_bg_image_attachment":"","ocean_post_title_bg_image_repeat":"","ocean_post_title_bg_image_size":"","ocean_post_title_height":0,"ocean_post_title_bg_overlay":0.5,"ocean_post_title_bg_overlay_color":"","ocean_disable_breadcrumbs":"default","ocean_breadcrumbs_color":"","ocean_breadcrumbs_separator_color":"","ocean_breadcrumbs_links_color":"","ocean_breadcrumbs_links_hover_color":"","ocean_display_footer_widgets":"default","ocean_display_footer_bottom":"default","ocean_custom_footer_template":"0","footnotes":""},"class_list":["post-5131","page","type-page","status-publish","hentry","entry"],"yoast_head":"<!-- This site is optimized with the Yoast SEO plugin v27.3 - https:\/\/yoast.com\/product\/yoast-seo-wordpress\/ -->\n<title>Rechtliche Hinweise - Dandi srl<\/title>\n<meta name=\"robots\" content=\"index, follow, max-snippet:-1, max-image-preview:large, max-video-preview:-1\" \/>\n<link rel=\"canonical\" href=\"https:\/\/dandi-italia.com\/info-legali\/\" \/>\n<meta property=\"og:locale\" content=\"de_DE\" \/>\n<meta property=\"og:type\" content=\"article\" \/>\n<meta property=\"og:title\" content=\"Rechtliche Hinweise - Dandi srl\" \/>\n<meta property=\"og:description\" content=\"UNTERNEHMENSDATEN Name des Unternehmens: DANDI SRL Eingetragener Sitz: Via Piave, 11, 30020 Annone Veneto VE Operativer Hauptsitz: Via Piave, 11, 30020 Annone Veneto VE Steuergesetzbuch: 04465180273 USt-IdNr. 04465180273 Firmenbuchamt: R.E.A.: UNTERNEHMENSINFORMATIONEN UND ZUSTIMMUNGEN DANDI SRL Website-Datenschutzerkl\u00e4rung\u00a0(https:\/\/dandi-italia.com\/privacy-policy) Website Cookie-Richtlinie\u00a0(https:\/\/dandi-italia.com\/cookies-policy) HINWEISE ZUM URHEBERRECHT UND ZUR MARKE Der gesamte Inhalt dieser Website ist urheberrechtlich gesch\u00fctzt (Copyright \u00a9) 2020 [&hellip;]\" \/>\n<meta property=\"og:url\" content=\"https:\/\/dandi-italia.com\/info-legali\/\" \/>\n<meta property=\"og:site_name\" content=\"Dandi srl\" \/>\n<meta property=\"article:modified_time\" content=\"2024-12-04T08:08:39+00:00\" \/>\n<meta name=\"twitter:card\" content=\"summary_large_image\" \/>\n<meta name=\"twitter:label1\" content=\"Gesch\u00e4tzte Lesezeit\" \/>\n\t<meta name=\"twitter:data1\" content=\"1\u00a0Minute\" \/>\n<script type=\"application\/ld+json\" class=\"yoast-schema-graph\">{\"@context\":\"https:\\\/\\\/schema.org\",\"@graph\":[{\"@type\":\"WebPage\",\"@id\":\"https:\\\/\\\/dandi-italia.com\\\/info-legali\\\/\",\"url\":\"https:\\\/\\\/dandi-italia.com\\\/info-legali\\\/\",\"name\":\"Rechtliche Hinweise - Dandi srl\",\"isPartOf\":{\"@id\":\"https:\\\/\\\/dandi-italia.com\\\/#website\"},\"datePublished\":\"2024-12-04T08:08:38+00:00\",\"dateModified\":\"2024-12-04T08:08:39+00:00\",\"breadcrumb\":{\"@id\":\"https:\\\/\\\/dandi-italia.com\\\/info-legali\\\/#breadcrumb\"},\"inLanguage\":\"de\",\"potentialAction\":[{\"@type\":\"ReadAction\",\"target\":[\"https:\\\/\\\/dandi-italia.com\\\/info-legali\\\/\"]}]},{\"@type\":\"BreadcrumbList\",\"@id\":\"https:\\\/\\\/dandi-italia.com\\\/info-legali\\\/#breadcrumb\",\"itemListElement\":[{\"@type\":\"ListItem\",\"position\":1,\"name\":\"Home\",\"item\":\"https:\\\/\\\/dandi-italia.com\\\/\"},{\"@type\":\"ListItem\",\"position\":2,\"name\":\"Rechtliche Hinweise\"}]},{\"@type\":\"WebSite\",\"@id\":\"https:\\\/\\\/dandi-italia.com\\\/#website\",\"url\":\"https:\\\/\\\/dandi-italia.com\\\/\",\"name\":\"Dandi srl\",\"description\":\"\",\"publisher\":{\"@id\":\"https:\\\/\\\/dandi-italia.com\\\/#organization\"},\"potentialAction\":[{\"@type\":\"SearchAction\",\"target\":{\"@type\":\"EntryPoint\",\"urlTemplate\":\"https:\\\/\\\/dandi-italia.com\\\/?s={search_term_string}\"},\"query-input\":{\"@type\":\"PropertyValueSpecification\",\"valueRequired\":true,\"valueName\":\"search_term_string\"}}],\"inLanguage\":\"de\"},{\"@type\":\"Organization\",\"@id\":\"https:\\\/\\\/dandi-italia.com\\\/#organization\",\"name\":\"Dandi srl\",\"url\":\"https:\\\/\\\/dandi-italia.com\\\/\",\"logo\":{\"@type\":\"ImageObject\",\"inLanguage\":\"de\",\"@id\":\"https:\\\/\\\/dandi-italia.com\\\/#\\\/schema\\\/logo\\\/image\\\/\",\"url\":\"https:\\\/\\\/dandi-italia.com\\\/wp-content\\\/uploads\\\/2020\\\/03\\\/Dand\u00ec.png\",\"contentUrl\":\"https:\\\/\\\/dandi-italia.com\\\/wp-content\\\/uploads\\\/2020\\\/03\\\/Dand\u00ec.png\",\"width\":506,\"height\":134,\"caption\":\"Dandi srl\"},\"image\":{\"@id\":\"https:\\\/\\\/dandi-italia.com\\\/#\\\/schema\\\/logo\\\/image\\\/\"}}]}<\/script>\n<!-- \/ Yoast SEO plugin. -->","yoast_head_json":{"title":"Rechtliche Hinweise - Dandi srl","robots":{"index":"index","follow":"follow","max-snippet":"max-snippet:-1","max-image-preview":"max-image-preview:large","max-video-preview":"max-video-preview:-1"},"canonical":"https:\/\/dandi-italia.com\/info-legali\/","og_locale":"de_DE","og_type":"article","og_title":"Rechtliche Hinweise - Dandi srl","og_description":"UNTERNEHMENSDATEN Name des Unternehmens: DANDI SRL Eingetragener Sitz: Via Piave, 11, 30020 Annone Veneto VE Operativer Hauptsitz: Via Piave, 11, 30020 Annone Veneto VE Steuergesetzbuch: 04465180273 USt-IdNr. 04465180273 Firmenbuchamt: R.E.A.: UNTERNEHMENSINFORMATIONEN UND ZUSTIMMUNGEN DANDI SRL Website-Datenschutzerkl\u00e4rung\u00a0(https:\/\/dandi-italia.com\/privacy-policy) Website Cookie-Richtlinie\u00a0(https:\/\/dandi-italia.com\/cookies-policy) HINWEISE ZUM URHEBERRECHT UND ZUR MARKE Der gesamte Inhalt dieser Website ist urheberrechtlich gesch\u00fctzt (Copyright \u00a9) 2020 [&hellip;]","og_url":"https:\/\/dandi-italia.com\/info-legali\/","og_site_name":"Dandi srl","article_modified_time":"2024-12-04T08:08:39+00:00","twitter_card":"summary_large_image","twitter_misc":{"Gesch\u00e4tzte Lesezeit":"1\u00a0Minute"},"schema":{"@context":"https:\/\/schema.org","@graph":[{"@type":"WebPage","@id":"https:\/\/dandi-italia.com\/info-legali\/","url":"https:\/\/dandi-italia.com\/info-legali\/","name":"Rechtliche Hinweise - Dandi srl","isPartOf":{"@id":"https:\/\/dandi-italia.com\/#website"},"datePublished":"2024-12-04T08:08:38+00:00","dateModified":"2024-12-04T08:08:39+00:00","breadcrumb":{"@id":"https:\/\/dandi-italia.com\/info-legali\/#breadcrumb"},"inLanguage":"de","potentialAction":[{"@type":"ReadAction","target":["https:\/\/dandi-italia.com\/info-legali\/"]}]},{"@type":"BreadcrumbList","@id":"https:\/\/dandi-italia.com\/info-legali\/#breadcrumb","itemListElement":[{"@type":"ListItem","position":1,"name":"Home","item":"https:\/\/dandi-italia.com\/"},{"@type":"ListItem","position":2,"name":"Rechtliche Hinweise"}]},{"@type":"WebSite","@id":"https:\/\/dandi-italia.com\/#website","url":"https:\/\/dandi-italia.com\/","name":"Dandi srl","description":"","publisher":{"@id":"https:\/\/dandi-italia.com\/#organization"},"potentialAction":[{"@type":"SearchAction","target":{"@type":"EntryPoint","urlTemplate":"https:\/\/dandi-italia.com\/?s={search_term_string}"},"query-input":{"@type":"PropertyValueSpecification","valueRequired":true,"valueName":"search_term_string"}}],"inLanguage":"de"},{"@type":"Organization","@id":"https:\/\/dandi-italia.com\/#organization","name":"Dandi srl","url":"https:\/\/dandi-italia.com\/","logo":{"@type":"ImageObject","inLanguage":"de","@id":"https:\/\/dandi-italia.com\/#\/schema\/logo\/image\/","url":"https:\/\/dandi-italia.com\/wp-content\/uploads\/2020\/03\/Dand\u00ec.png","contentUrl":"https:\/\/dandi-italia.com\/wp-content\/uploads\/2020\/03\/Dand\u00ec.png","width":506,"height":134,"caption":"Dandi srl"},"image":{"@id":"https:\/\/dandi-italia.com\/#\/schema\/logo\/image\/"}}]}},"_links":{"self":[{"href":"https:\/\/dandi-italia.com\/de\/wp-json\/wp\/v2\/pages\/5131","targetHints":{"allow":["GET"]}}],"collection":[{"href":"https:\/\/dandi-italia.com\/de\/wp-json\/wp\/v2\/pages"}],"about":[{"href":"https:\/\/dandi-italia.com\/de\/wp-json\/wp\/v2\/types\/page"}],"author":[{"embeddable":true,"href":"https:\/\/dandi-italia.com\/de\/wp-json\/wp\/v2\/users\/9"}],"replies":[{"embeddable":true,"href":"https:\/\/dandi-italia.com\/de\/wp-json\/wp\/v2\/comments?post=5131"}],"version-history":[{"count":1,"href":"https:\/\/dandi-italia.com\/de\/wp-json\/wp\/v2\/pages\/5131\/revisions"}],"predecessor-version":[{"id":5132,"href":"https:\/\/dandi-italia.com\/de\/wp-json\/wp\/v2\/pages\/5131\/revisions\/5132"}],"wp:attachment":[{"href":"https:\/\/dandi-italia.com\/de\/wp-json\/wp\/v2\/media?parent=5131"}],"curies":[{"name":"wp","href":"https:\/\/api.w.org\/{rel}","templated":true}]}}